{"id":477,"date":"2018-05-09T14:12:32","date_gmt":"2018-05-09T13:12:32","guid":{"rendered":"http:\/\/antika-tetove.com\/?page_id=477"},"modified":"2025-02-20T08:57:21","modified_gmt":"2025-02-20T08:57:21","slug":"per-ne","status":"publish","type":"page","link":"https:\/\/antika-tetove.com\/mk\/per-ne\/","title":{"rendered":"\u0417\u0430 \u043d\u0430\u0441"},"content":{"rendered":"<div class=\"brz-root__container brz-reset-all\">\n<section id=\"ucaoikfvtf\" class=\"brz-section css-7d6yzg\" data-uid=\"ucaoikfvtf\">\n<div class=\"brz-section__items\">\n<div class=\"brz-section__content\" data-custom-id=\"pksdfltlja\">\n<div class=\"brz-bg css-99a6cv\">\n<div class=\"brz-bg-media\">\n<div class=\"brz-bg-video\" data-mute=\"on\" data-autoplay=\"on\"><iframe class=\"brz-iframe brz-bg-video__cover\" style=\"display:none\"><\/iframe><\/div>\n<div class=\"brz-bg-map\"><iframe class=\"brz-iframe brz-bg-map__cover\" style=\"display:none\"><\/iframe><\/div>\n<div class=\"brz-bg-color\"><\/div>\n<\/div>\n<div class=\"brz-bg-content\">\n<div class=\"brz-container__wrap css-16e3gxi\">\n<div class=\"brz-container css-1ptl1a3\">\n<div class=\"brz-wrapper css-6fvry1\">\n<div class=\"brz-d-xs-flex css-laz546\">\n<div class=\"brz-rich-text\" data-custom-id=\"ngwhovlmra\">\n<h2 class=\"brz-text-lg-center brz-tp-heading2\"><span class=\"brz-cp-color2\">Sh\u00ebrbimet q\u00eb ne i ofrojm\u00eb<\/span><\/h2>\n<\/div>\n<\/div>\n<\/div>\n<div class=\"brz-wrapper css-6fvry1\">\n<div class=\"brz-d-xs-flex css-1rmgdh0\">\n<div class=\"brz-spacer css-bwjjj2\"><\/div>\n<\/div>\n<\/div>\n<div class=\"brz-row__container css-1xef2ox\" data-custom-id=\"eurhlsanyw\">\n<div class=\"brz-bg brz-d-xs-flex brz-flex-xs-wrap css-8pkgbi\">\n<div class=\"brz-bg-media\">\n<div class=\"brz-bg-color\"><\/div>\n<\/div>\n<div class=\"brz-bg-content\">\n<div class=\"brz-row css-18qg7sn\">\n<div class=\"brz-columns css-1lcxv09\" data-custom-id=\"uakhthzttz\">\n<div class=\"brz-bg brz-d-xs-flex css-1jq9b03\">\n<div class=\"brz-bg-media\">\n<div class=\"brz-bg-image\"><\/div>\n<div class=\"brz-bg-color\"><\/div>\n<\/div>\n<div class=\"brz-bg-content\">\n<div class=\"brz-row__container css-1xef2ox\" data-custom-id=\"sozvoiegtr\">\n<div class=\"brz-bg brz-d-xs-flex brz-flex-xs-wrap css-8pkgbi\">\n<div class=\"brz-bg-media\">\n<div class=\"brz-bg-color\"><\/div>\n<\/div>\n<div class=\"brz-bg-content\">\n<div class=\"brz-row brz-row--inner css-14xdcsy\">\n<div class=\"brz-columns css-qgddyx\" data-custom-id=\"yryxnvopxf\">\n<div class=\"brz-bg brz-d-xs-flex css-19s8v0j\">\n<div class=\"brz-bg-media\">\n<div class=\"brz-bg-color\"><\/div>\n<\/div>\n<div class=\"brz-bg-content\">\n<div class=\"brz-wrapper css-6fvry1\">\n<div class=\"brz-d-xs-flex css-laz546\">\n<div class=\"brz-image css-1r99ny6\"><picture data-custom-id=\"axpubgbuas\"><source srcset=\"{@brizy_SITE_URL_PLACEHOLDER@}\/?brizy_media=wp-818640263c0f446f711a89e66c3a8afd&#038;brizy_crop=iW%3D181%26iH%3D136%26oX%3D1%26oY%3D0%26cW%3D180%26cH%3D136&#038;brizy_post=477 1x, {@brizy_SITE_URL_PLACEHOLDER@}\/?brizy_media=wp-818640263c0f446f711a89e66c3a8afd&#038;brizy_crop=iW%3D362%26iH%3D272%26oX%3D2%26oY%3D0%26cW%3D360%26cH%3D272&#038;brizy_post=477 2x\" media=\"(min-width: 992px)\"><source srcset=\"{@brizy_SITE_URL_PLACEHOLDER@}\/?brizy_media=wp-818640263c0f446f711a89e66c3a8afd&#038;brizy_crop=iW%3D188%26iH%3D141%26oX%3D1%26oY%3D0%26cW%3D186%26cH%3D141&#038;brizy_post=477 1x, {@brizy_SITE_URL_PLACEHOLDER@}\/?brizy_media=wp-818640263c0f446f711a89e66c3a8afd&#038;brizy_crop=iW%3D376%26iH%3D282%26oX%3D2%26oY%3D0%26cW%3D372%26cH%3D282&#038;brizy_post=477 2x\" media=\"(min-width: 768px)\"><img alt=\"{{ brizy_dc_image_alt uid='wp-818640263c0f446f711a89e66c3a8afd' }}\" class=\"brz-img\" src=\"{@brizy_SITE_URL_PLACEHOLDER@}\/?brizy_media=wp-818640263c0f446f711a89e66c3a8afd&#038;brizy_crop=iW%3D404%26iH%3D303%26oX%3D2%26oY%3D0%26cW%3D400%26cH%3D303&#038;brizy_post=477\" srcset=\"{@brizy_SITE_URL_PLACEHOLDER@}\/?brizy_media=wp-818640263c0f446f711a89e66c3a8afd&#038;brizy_crop=iW%3D404%26iH%3D303%26oX%3D2%26oY%3D0%26cW%3D400%26cH%3D303&#038;brizy_post=477 1x, {@brizy_SITE_URL_PLACEHOLDER@}\/?brizy_media=wp-818640263c0f446f711a89e66c3a8afd&#038;brizy_crop=iW%3D808%26iH%3D606%26oX%3D4%26oY%3D0%26cW%3D800%26cH%3D606&#038;brizy_post=477 2x\"><\/picture><\/div>\n<\/div>\n<\/div>\n<\/div>\n<\/div>\n<\/div>\n<\/div>\n<\/div>\n<\/div>\n<\/div>\n<div class=\"brz-wrapper css-6fvry1\">\n<div class=\"brz-d-xs-flex css-laz546\">\n<div class=\"brz-rich-text\" data-custom-id=\"cdaxnjwznp\">\n<h4 class=\"brz-text-lg-center brz-tp-heading4\"><span class=\"brz-cp-color2\">\u0414\u0440\u0443\u0433\u0438 \u0431\u0440\u0430\u0437\u0434\u0430\u00a0<\/span><\/h4>\n<\/div>\n<\/div>\n<\/div>\n<div class=\"brz-wrapper css-6fvry1\">\n<div class=\"brz-d-xs-flex css-laz546\">\n<div class=\"brz-rich-text\" data-custom-id=\"vxulbuusxi\">\n<p class=\"brz-tp-paragraph brz-text-lg-center\"><span class=\"brz-cp-color7\">\u0418\u0437\u0433\u0440\u0430\u0434\u0438\u0432\u043c\u0435 \u0444\u0430\u0441\u0430\u0434\u0430 \u0441\u043e \u043f\u043e\u0441\u0435\u0431\u043d\u0438 \u043a\u0430\u0440\u043f\u0438, \u0441\u043e \u0436\u0438\u0432\u043e\u043f\u0438\u0441\u043d\u0438 \u043a\u0430\u0440\u043f\u0438 \u0438 \u0440\u0430\u0437\u043d\u0438 \u0431\u043e\u0438.<\/span><\/p>\n<\/div>\n<\/div>\n<\/div>\n<div class=\"brz-wrapper css-6fvry1\">\n<div class=\"brz-d-xs-flex css-1rmgdh0\">\n<div class=\"brz-spacer css-wr0g6j\"><\/div>\n<\/div>\n<\/div>\n<div class=\"brz-wrapper-clone css-nil\">\n<div class=\"brz-wrapper-clone__wrap css-15s8sb9\">\n<div class=\"brz-d-xs-flex brz-flex-xs-wrap css-uo4t1y\">\n<div class=\"brz-wrapper-clone__item css-1g5ql68\" id=\"zjyxbvfxek\"><a class=\"brz-a brz-btn css-10qw15n\" href=\"http:\/\/antika-tetove.com\/mk\/punlt-tona\/fontanat\/\" data-brz-link-type=\"external\" data-custom-id=\"zjyxbvfxek\"><span class=\"brz-span brz-text__editor\" contenteditable=\"false\">\u0412\u0438\u0434\u0435\u0442\u0435 \u043f\u043e\u0432\u0435\u045c\u0435 ...<\/span><\/a><\/div>\n<\/div>\n<\/div>\n<\/div>\n<\/div>\n<\/div>\n<\/div>\n<div class=\"brz-columns css-1lcxv09\" data-custom-id=\"nzaenimjes\">\n<div class=\"brz-bg brz-d-xs-flex css-1jq9b03\">\n<div class=\"brz-bg-media\">\n<div class=\"brz-bg-image\"><\/div>\n<div class=\"brz-bg-color\"><\/div>\n<\/div>\n<div class=\"brz-bg-content\">\n<div class=\"brz-row__container css-1xef2ox\" data-custom-id=\"zenrvlvcdz\">\n<div class=\"brz-bg brz-d-xs-flex brz-flex-xs-wrap css-8pkgbi\">\n<div class=\"brz-bg-media\">\n<div class=\"brz-bg-color\"><\/div>\n<\/div>\n<div class=\"brz-bg-content\">\n<div class=\"brz-row brz-row--inner css-14xdcsy\">\n<div class=\"brz-columns css-qgddyx\" data-custom-id=\"jipwwjuggh\">\n<div class=\"brz-bg brz-d-xs-flex css-19s8v0j\">\n<div class=\"brz-bg-media\">\n<div class=\"brz-bg-color\"><\/div>\n<\/div>\n<div class=\"brz-bg-content\">\n<div class=\"brz-wrapper css-6fvry1\">\n<div class=\"brz-d-xs-flex css-laz546\">\n<div class=\"brz-image css-1r99ny6\"><picture data-custom-id=\"rhxgjbfgbu\"><source srcset=\"{@brizy_SITE_URL_PLACEHOLDER@}\/?brizy_media=wp-8497099048113e51cc7e287082c48ca7&#038;brizy_crop=iW%3D223%26iH%3D167%26oX%3D0%26oY%3D2%26cW%3D180%26cH%3D133&#038;brizy_post=477 1x, {@brizy_SITE_URL_PLACEHOLDER@}\/?brizy_media=wp-8497099048113e51cc7e287082c48ca7&#038;brizy_crop=iW%3D446%26iH%3D334%26oX%3D0%26oY%3D4%26cW%3D360%26cH%3D266&#038;brizy_post=477 2x\" media=\"(min-width: 992px)\"><source srcset=\"{@brizy_SITE_URL_PLACEHOLDER@}\/?brizy_media=wp-8497099048113e51cc7e287082c48ca7&#038;brizy_crop=iW%3D230%26iH%3D173%26oX%3D0%26oY%3D2%26cW%3D186%26cH%3D138&#038;brizy_post=477 1x, {@brizy_SITE_URL_PLACEHOLDER@}\/?brizy_media=wp-8497099048113e51cc7e287082c48ca7&#038;brizy_crop=iW%3D460%26iH%3D346%26oX%3D0%26oY%3D4%26cW%3D372%26cH%3D276&#038;brizy_post=477 2x\" media=\"(min-width: 768px)\"><img alt=\"{{ brizy_dc_image_alt uid='wp-8497099048113e51cc7e287082c48ca7' }}\" class=\"brz-img\" src=\"{@brizy_SITE_URL_PLACEHOLDER@}\/?brizy_media=wp-8497099048113e51cc7e287082c48ca7&#038;brizy_crop=iW%3D496%26iH%3D372%26oX%3D0%26oY%3D4%26cW%3D400%26cH%3D297&#038;brizy_post=477\" srcset=\"{@brizy_SITE_URL_PLACEHOLDER@}\/?brizy_media=wp-8497099048113e51cc7e287082c48ca7&#038;brizy_crop=iW%3D496%26iH%3D372%26oX%3D0%26oY%3D4%26cW%3D400%26cH%3D297&#038;brizy_post=477 1x, {@brizy_SITE_URL_PLACEHOLDER@}\/?brizy_media=wp-8497099048113e51cc7e287082c48ca7&#038;brizy_crop=iW%3D992%26iH%3D744%26oX%3D0%26oY%3D8%26cW%3D800%26cH%3D594&#038;brizy_post=477 2x\"><\/picture><\/div>\n<\/div>\n<\/div>\n<\/div>\n<\/div>\n<\/div>\n<\/div>\n<\/div>\n<\/div>\n<\/div>\n<div class=\"brz-wrapper css-6fvry1\">\n<div class=\"brz-d-xs-flex css-laz546\">\n<div class=\"brz-rich-text\" data-custom-id=\"sqjunbrhqq\">\n<h4 class=\"brz-text-lg-center brz-tp-heading4\"><span class=\"brz-cp-color2\">\u041a\u0430\u043c\u0435\u043d \u0455\u0438\u0434<\/span><\/h4>\n<\/div>\n<\/div>\n<\/div>\n<div class=\"brz-wrapper css-6fvry1\">\n<div class=\"brz-d-xs-flex css-laz546\">\n<div class=\"brz-rich-text\" data-custom-id=\"wjvsvityzr\">\n<p class=\"brz-text-lg-center brz-tp-paragraph\"><span class=\"brz-cp-color7\">\u0405\u0438\u0434\u043e\u0432\u0438\u0442\u0435 \u0441\u0435 \u0432\u0430\u0436\u043d\u0438 \u0437\u0430 \u0441\u0435\u043a\u043e\u0458 \u0434\u043e\u043c, \u043d\u0438\u0435 \u0432\u0438 \u043d\u0443\u0434\u0438\u043c\u0435 \u043f\u0440\u0435\u043a\u0440\u0430\u0441\u043d\u0438 \u0455\u0438\u0434\u043e\u0432\u0438 \u0438 \u043a\u0430\u043c\u0435\u043d\u0438 \u0455\u0438\u0434\u043e\u0432\u0438.\u00a0<\/span><\/p>\n<\/div>\n<\/div>\n<\/div>\n<div class=\"brz-wrapper css-6fvry1\">\n<div class=\"brz-d-xs-flex css-1rmgdh0\">\n<div class=\"brz-spacer css-wr0g6j\"><\/div>\n<\/div>\n<\/div>\n<div class=\"brz-wrapper-clone css-nil\">\n<div class=\"brz-wrapper-clone__wrap css-15s8sb9\">\n<div class=\"brz-d-xs-flex brz-flex-xs-wrap css-uo4t1y\">\n<div class=\"brz-wrapper-clone__item css-1g5ql68\" id=\"sckejccptw\"><a class=\"brz-a brz-btn css-10qw15n\" href=\"http:\/\/antika-tetove.com\/mk\/punlt-tona\/mure-oboresh\/\" data-brz-link-type=\"external\" data-custom-id=\"sckejccptw\"><span class=\"brz-span brz-text__editor\" contenteditable=\"false\">\u0412\u0438\u0434\u0435\u0442\u0435 \u043f\u043e\u0432\u0435\u045c\u0435 ...<\/span><\/a><\/div>\n<\/div>\n<\/div>\n<\/div>\n<\/div>\n<\/div>\n<\/div>\n<div class=\"brz-columns css-1b1gvps\" data-custom-id=\"jfiseoywsk\">\n<div class=\"brz-bg brz-d-xs-flex css-1jq9b03\">\n<div class=\"brz-bg-media\">\n<div class=\"brz-bg-image\"><\/div>\n<div class=\"brz-bg-color\"><\/div>\n<\/div>\n<div class=\"brz-bg-content\">\n<div class=\"brz-row__container css-1xef2ox\" data-custom-id=\"fjopbahdhd\">\n<div class=\"brz-bg brz-d-xs-flex brz-flex-xs-wrap css-8pkgbi\">\n<div class=\"brz-bg-media\">\n<div class=\"brz-bg-color\"><\/div>\n<\/div>\n<div class=\"brz-bg-content\">\n<div class=\"brz-row brz-row--inner css-14xdcsy\">\n<div class=\"brz-columns css-qgddyx\" data-custom-id=\"rcljectomx\">\n<div class=\"brz-bg brz-d-xs-flex css-19s8v0j\">\n<div class=\"brz-bg-media\">\n<div class=\"brz-bg-color\"><\/div>\n<\/div>\n<div class=\"brz-bg-content\">\n<div class=\"brz-wrapper css-6fvry1\">\n<div class=\"brz-d-xs-flex css-laz546\">\n<div class=\"brz-image css-1r99ny6\"><picture data-custom-id=\"afrdpfsmwh\"><source srcset=\"{@brizy_SITE_URL_PLACEHOLDER@}\/?brizy_media=wp-923bad2eea32c561ea47895915795b13&#038;brizy_crop=iW%3D369%26iH%3D277%26oX%3D0%26oY%3D139%26cW%3D181%26cH%3D138&#038;brizy_post=477 1x, {@brizy_SITE_URL_PLACEHOLDER@}\/?brizy_media=wp-923bad2eea32c561ea47895915795b13&#038;brizy_crop=iW%3D738%26iH%3D554%26oX%3D0%26oY%3D278%26cW%3D362%26cH%3D276&#038;brizy_post=477 2x\" media=\"(min-width: 992px)\"><source srcset=\"{@brizy_SITE_URL_PLACEHOLDER@}\/?brizy_media=wp-923bad2eea32c561ea47895915795b13&#038;brizy_crop=iW%3D380%26iH%3D285%26oX%3D0%26oY%3D142%26cW%3D187%26cH%3D143&#038;brizy_post=477 1x, {@brizy_SITE_URL_PLACEHOLDER@}\/?brizy_media=wp-923bad2eea32c561ea47895915795b13&#038;brizy_crop=iW%3D760%26iH%3D570%26oX%3D0%26oY%3D284%26cW%3D374%26cH%3D286&#038;brizy_post=477 2x\" media=\"(min-width: 768px)\"><img alt=\"{{ brizy_dc_image_alt uid='wp-923bad2eea32c561ea47895915795b13' }}\" class=\"brz-img\" src=\"{@brizy_SITE_URL_PLACEHOLDER@}\/?brizy_media=wp-923bad2eea32c561ea47895915795b13&#038;brizy_crop=iW%3D816%26iH%3D612%26oX%3D0%26oY%3D306%26cW%3D400%26cH%3D306&#038;brizy_post=477\" srcset=\"{@brizy_SITE_URL_PLACEHOLDER@}\/?brizy_media=wp-923bad2eea32c561ea47895915795b13&#038;brizy_crop=iW%3D816%26iH%3D612%26oX%3D0%26oY%3D306%26cW%3D400%26cH%3D306&#038;brizy_post=477 1x, {@brizy_SITE_URL_PLACEHOLDER@}\/?brizy_media=wp-923bad2eea32c561ea47895915795b13&#038;brizy_crop=iW%3D1632%26iH%3D1224%26oX%3D0%26oY%3D612%26cW%3D800%26cH%3D612&#038;brizy_post=477 2x\"><\/picture><\/div>\n<\/div>\n<\/div>\n<\/div>\n<\/div>\n<\/div>\n<\/div>\n<\/div>\n<\/div>\n<\/div>\n<div class=\"brz-wrapper css-6fvry1\">\n<div class=\"brz-d-xs-flex css-laz546\">\n<div class=\"brz-rich-text\" data-custom-id=\"ysyncvraat\">\n<h4 class=\"brz-text-lg-center brz-tp-heading4\"><span class=\"brz-cp-color2\">\u0420\u0430\u0441\u0430 \u0444\u0430\u0441\u0430\u0434\u0430\u00a0<\/span><\/h4>\n<\/div>\n<\/div>\n<\/div>\n<div class=\"brz-wrapper css-6fvry1\">\n<div class=\"brz-d-xs-flex css-laz546\">\n<div class=\"brz-rich-text\" data-custom-id=\"sxcwbaannx\">\n<p class=\"brz-tp-paragraph brz-text-lg-center\"><span class=\"brz-cp-color7\">\u041d\u0438\u0435 \u0433\u0440\u0430\u0434\u0438\u043c\u0435 \u0444\u0430\u0441\u0430\u0434\u0438 \u043e\u0434 \u0440\u0443\u0441\u0442\u0438\u043a\u0430\u043b\u043d\u0438 \u043a\u0443\u045c\u0438 \u043e\u0434 \u0440\u0430\u0437\u043d\u0438 \u0432\u0438\u0434\u043e\u0432\u0438 \u0438 \u0438\u043c\u0430\u043c\u0435 \u0441\u043a\u0430\u043b\u0438 \u0438 \u043a\u0430\u0440\u043f\u0438.\u00a0<\/span><\/p>\n<\/div>\n<\/div>\n<\/div>\n<div class=\"brz-wrapper css-6fvry1\">\n<div class=\"brz-d-xs-flex css-1rmgdh0\">\n<div class=\"brz-spacer css-wr0g6j\"><\/div>\n<\/div>\n<\/div>\n<div class=\"brz-wrapper-clone css-nil\">\n<div class=\"brz-wrapper-clone__wrap css-15s8sb9\">\n<div class=\"brz-d-xs-flex brz-flex-xs-wrap css-uo4t1y\">\n<div class=\"brz-wrapper-clone__item css-1g5ql68\" id=\"rpzrrmendh\"><a class=\"brz-a brz-btn css-10qw15n\" href=\"http:\/\/antika-tetove.com\/mk\/punlt-tona\/shkalet\/\" data-brz-link-type=\"external\" data-custom-id=\"rpzrrmendh\"><span class=\"brz-span brz-text__editor\" contenteditable=\"false\">\u0412\u0438\u0434\u0435\u0442\u0435 \u043f\u043e\u0432\u0435\u045c\u0435 ...<\/span><\/a><\/div>\n<\/div>\n<\/div>\n<\/div>\n<\/div>\n<\/div>\n<\/div>\n<\/div>\n<\/div>\n<\/div>\n<\/div>\n<\/div>\n<\/div>\n<\/div>\n<\/div>\n<\/div>\n<\/div>\n<\/section>\n<\/div>","protected":false},"excerpt":{"rendered":"<p>Sh\u00ebrbimet q\u00eb ne i ofrojm\u00eb Gurr\u00eb t\u00eb tjer\u00eb\u00a0 Ne nd\u00ebrtojm\u00eb fasad\u00eb me gurr\u00ebz t\u00eb llojeve t\u00eb ve\u00e7anta, me gurr\u00ebz t\u00eb sh\u00ebndritsh\u00ebm dhe t\u00eb ngjyrave t\u00eb ndryshme. SHIQO M\u00cb SHUM\u00cb&#8230; Mur\u00eb gurri Muret jan\u00eb t\u00eb r\u00ebnd\u00ebsishme p\u00ebr \u00e7do sht\u00ebpi, ne ju mund\u00ebsojm\u00eb mure me bukura dhe forta t\u00eb nd\u00ebrtuara nga gurri.\u00a0 SHIQO M\u00cb SHUM\u00cb&#8230; Fasad\u00eb me [&hellip;]<\/p>","protected":false},"author":1,"featured_media":0,"parent":0,"menu_order":0,"comment_status":"closed","ping_status":"closed","template":"visual-builder-template.php","meta":[],"brizy_attachment_focal_point":"","_links":{"self":[{"href":"https:\/\/antika-tetove.com\/mk\/wp-json\/wp\/v2\/pages\/477"}],"collection":[{"href":"https:\/\/antika-tetove.com\/mk\/wp-json\/wp\/v2\/pages"}],"about":[{"href":"https:\/\/antika-tetove.com\/mk\/wp-json\/wp\/v2\/types\/page"}],"author":[{"embeddable":true,"href":"https:\/\/antika-tetove.com\/mk\/wp-json\/wp\/v2\/users\/1"}],"replies":[{"embeddable":true,"href":"https:\/\/antika-tetove.com\/mk\/wp-json\/wp\/v2\/comments?post=477"}],"version-history":[{"count":8,"href":"https:\/\/antika-tetove.com\/mk\/wp-json\/wp\/v2\/pages\/477\/revisions"}],"predecessor-version":[{"id":1136,"href":"https:\/\/antika-tetove.com\/mk\/wp-json\/wp\/v2\/pages\/477\/revisions\/1136"}],"wp:attachment":[{"href":"https:\/\/antika-tetove.com\/mk\/wp-json\/wp\/v2\/media?parent=477"}],"curies":[{"name":"wp","href":"https:\/\/api.w.org\/{rel}","templated":true}]}}