{"id":799,"date":"2019-01-14T12:17:59","date_gmt":"2019-01-14T12:17:59","guid":{"rendered":"http:\/\/antika-tetove.com\/?page_id=799"},"modified":"2019-04-22T14:50:22","modified_gmt":"2019-04-22T13:50:22","slug":"oxhaqe","status":"publish","type":"page","link":"https:\/\/antika-tetove.com\/mk\/punlt-tona\/oxhaqe\/","title":{"rendered":"Oxhaqe Kamina"},"content":{"rendered":"<div class=\"brz-root__container brz-reset-all\">\n<section id=\"hymyihvnja\" class=\"brz-section css-1c2016y\" data-uid=\"hymyihvnja\">\n<div class=\"brz-section__items\">\n<div class=\"brz-section__content\" data-custom-id=\"oyjtcvgrix\">\n<div class=\"brz-bg css-kag4am\">\n<div class=\"brz-bg-media\">\n<div class=\"brz-bg-video\" data-mute=\"on\" data-autoplay=\"on\"><iframe class=\"brz-iframe brz-bg-video__cover\" style=\"display:none\"><\/iframe><\/div>\n<div class=\"brz-bg-map\"><iframe class=\"brz-iframe brz-bg-map__cover\" style=\"display:none\"><\/iframe><\/div>\n<div class=\"brz-bg-color\"><\/div>\n<\/div>\n<div class=\"brz-bg-content\">\n<div class=\"brz-container__wrap css-1ql6ajm\">\n<div class=\"brz-container css-1ptl1a3\">\n<div class=\"brz-wrapper css-6fvry1\">\n<div class=\"brz-d-xs-flex css-11ygu4e\">\n<div class=\"brz-rich-text\">\n<p class=\"brz-tp-heading2 brz-text-lg-center\"><span class=\"brz-cp-color1\">Nd\u00ebrtimi i kaminave\u00a0<\/span><\/p>\n<\/div>\n<\/div>\n<\/div>\n<div class=\"brz-wrapper css-6fvry1\">\n<div class=\"brz-d-xs-flex css-11ygu4e\">\n<div class=\"brz-rich-text\">\n<p class=\"brz-fs-xs-im-23 brz-fs-lg-21 brz-fw-xs-im-400 brz-fw-sm-im-undefined brz-fw-lg-600 brz-ff-muli brz-ls-xs-im-0 brz-ls-sm-im-undefined brz-ls-lg-0 brz-lh-xs-im-1_6 brz-lh-sm-im-undefined brz-lh-lg-1_8\">\t<span class=\"brz-cp-color7\">Nj\u00eb kamin i jep hijeshi sht\u00ebpis\u00eb tuaj, por nj\u00ebkoh\u00ebsisht ju mund\u00ebson q\u00eb t\u00eb b\u00ebni zgar\u00eb gjat\u00eb ver\u00ebs. N\u00eb foto kemi nj\u00eb kamin t\u00eb nd\u00ebrtuar me gurr\u00eb t\u00eb ve\u00e7ant\u00eb.<\/span><\/p>\n<\/div>\n<\/div>\n<\/div>\n<div class=\"brz-wrapper css-6fvry1\">\n<div class=\"brz-d-xs-flex css-1rmgdh0\">\n<div class=\"brz-spacer css-10btme5\"><\/div>\n<\/div>\n<\/div>\n<div class=\"brz-row__container\" data-custom-id=\"ajhggpgqbt\">\n<div class=\"brz-bg brz-d-xs-flex brz-flex-xs-wrap css-z34uv\">\n<div class=\"brz-bg-media\">\n<div class=\"brz-bg-color\"><\/div>\n<\/div>\n<div class=\"brz-bg-content\">\n<div class=\"brz-row css-18qg7sn\">\n<div class=\"brz-columns css-1sc4l9v\" data-custom-id=\"adfxfawfcs\">\n<div class=\"brz-bg brz-d-xs-flex css-12wnrh4\">\n<div class=\"brz-bg-media\">\n<div class=\"brz-bg-color\"><\/div>\n<\/div>\n<div class=\"brz-bg-content\"><\/div>\n<\/div>\n<\/div>\n<div class=\"brz-columns css-1cbmpib\" data-custom-id=\"txgcbobkaq\">\n<div class=\"brz-bg brz-d-xs-flex css-1f2z3\">\n<div class=\"brz-bg-media\">\n<div class=\"brz-bg-color\"><\/div>\n<\/div>\n<div class=\"brz-bg-content\">\n<div class=\"brz-wrapper css-6fvry1\">\n<div class=\"brz-d-xs-flex css-laz546\">\n<div class=\"brz-image css-1gtliit\" data-custom-id=\"leorloclph\"><picture><source srcset=\"{@brizy_SITE_URL_PLACEHOLDER@}\/?brizy_media=wp-2aa7b1b772928dbd92d8255e90bdbf0a&#038;brizy_crop=iW%3D835%26iH%3D626%26oX%3D0%26oY%3D12%26cW%3D835%26cH%3D601&#038;brizy_post=799 1x, {@brizy_SITE_URL_PLACEHOLDER@}\/?brizy_media=wp-2aa7b1b772928dbd92d8255e90bdbf0a&#038;brizy_crop=iW%3D1670%26iH%3D1252%26oX%3D0%26oY%3D24%26cW%3D1670%26cH%3D1202&#038;brizy_post=799 2x\" media=\"(min-width: 992px)\"><source srcset=\"{@brizy_SITE_URL_PLACEHOLDER@}\/?brizy_media=wp-2aa7b1b772928dbd92d8255e90bdbf0a&#038;brizy_crop=iW%3D515%26iH%3D387%26oX%3D0%26oY%3D8%26cW%3D515%26cH%3D371&#038;brizy_post=799 1x, {@brizy_SITE_URL_PLACEHOLDER@}\/?brizy_media=wp-2aa7b1b772928dbd92d8255e90bdbf0a&#038;brizy_crop=iW%3D1030%26iH%3D774%26oX%3D0%26oY%3D16%26cW%3D1030%26cH%3D742&#038;brizy_post=799 2x\" media=\"(min-width: 768px)\"><img alt=\"{{ brizy_dc_image_alt uid='wp-2aa7b1b772928dbd92d8255e90bdbf0a' }}\" class=\"brz-img\" src=\"{@brizy_SITE_URL_PLACEHOLDER@}\/?brizy_media=wp-2aa7b1b772928dbd92d8255e90bdbf0a&#038;brizy_crop=iW%3D760%26iH%3D570%26oX%3D0%26oY%3D0%26cW%3D760%26cH%3D570&#038;brizy_post=799\" srcset=\"{@brizy_SITE_URL_PLACEHOLDER@}\/?brizy_media=wp-2aa7b1b772928dbd92d8255e90bdbf0a&#038;brizy_crop=iW%3D760%26iH%3D570%26oX%3D0%26oY%3D0%26cW%3D760%26cH%3D570&#038;brizy_post=799 1x, {@brizy_SITE_URL_PLACEHOLDER@}\/?brizy_media=wp-2aa7b1b772928dbd92d8255e90bdbf0a&#038;brizy_crop=iW%3D1520%26iH%3D1140%26oX%3D0%26oY%3D0%26cW%3D1520%26cH%3D1140&#038;brizy_post=799 2x\"><\/picture><\/div>\n<\/div>\n<\/div>\n<\/div>\n<\/div>\n<\/div>\n<div class=\"brz-columns css-gwjl4r\" data-custom-id=\"loefnkdnrm\">\n<div class=\"brz-bg brz-d-xs-flex css-12wnrh4\">\n<div class=\"brz-bg-media\">\n<div class=\"brz-bg-color\"><\/div>\n<\/div>\n<div class=\"brz-bg-content\"><\/div>\n<\/div>\n<\/div>\n<\/div>\n<\/div>\n<\/div>\n<\/div>\n<\/div>\n<\/div>\n<\/div>\n<\/div>\n<\/div>\n<\/div>\n<\/section>\n<\/div>","protected":false},"excerpt":{"rendered":"<p>Nd\u00ebrtimi i kaminave\u00a0 Nj\u00eb kamin i jep hijeshi sht\u00ebpis\u00eb tuaj, por nj\u00ebkoh\u00ebsisht ju mund\u00ebson q\u00eb t\u00eb b\u00ebni zgar\u00eb gjat\u00eb ver\u00ebs. N\u00eb foto kemi nj\u00eb kamin t\u00eb nd\u00ebrtuar me gurr\u00eb t\u00eb ve\u00e7ant\u00eb.<\/p>","protected":false},"author":1,"featured_media":0,"parent":549,"menu_order":0,"comment_status":"closed","ping_status":"closed","template":"brizy-blank-template.php","meta":[],"brizy_attachment_focal_point":"","_links":{"self":[{"href":"https:\/\/antika-tetove.com\/mk\/wp-json\/wp\/v2\/pages\/799"}],"collection":[{"href":"https:\/\/antika-tetove.com\/mk\/wp-json\/wp\/v2\/pages"}],"about":[{"href":"https:\/\/antika-tetove.com\/mk\/wp-json\/wp\/v2\/types\/page"}],"author":[{"embeddable":true,"href":"https:\/\/antika-tetove.com\/mk\/wp-json\/wp\/v2\/users\/1"}],"replies":[{"embeddable":true,"href":"https:\/\/antika-tetove.com\/mk\/wp-json\/wp\/v2\/comments?post=799"}],"version-history":[{"count":11,"href":"https:\/\/antika-tetove.com\/mk\/wp-json\/wp\/v2\/pages\/799\/revisions"}],"predecessor-version":[{"id":973,"href":"https:\/\/antika-tetove.com\/mk\/wp-json\/wp\/v2\/pages\/799\/revisions\/973"}],"up":[{"embeddable":true,"href":"https:\/\/antika-tetove.com\/mk\/wp-json\/wp\/v2\/pages\/549"}],"wp:attachment":[{"href":"https:\/\/antika-tetove.com\/mk\/wp-json\/wp\/v2\/media?parent=799"}],"curies":[{"name":"wp","href":"https:\/\/api.w.org\/{rel}","templated":true}]}}