{"id":873,"date":"2019-01-14T15:24:37","date_gmt":"2019-01-14T15:24:37","guid":{"rendered":"http:\/\/antika-tetove.com\/?page_id=873"},"modified":"2019-04-22T18:41:26","modified_gmt":"2019-04-22T17:41:26","slug":"na-kontaktoni","status":"publish","type":"page","link":"https:\/\/antika-tetove.com\/mk\/na-kontaktoni\/","title":{"rendered":"\u041a\u043e\u043d\u0442\u0430\u043a\u0442 \u0441\u043e \u043d\u0430\u0441"},"content":{"rendered":"<div class=\"brz-root__container brz-reset-all\">\n<section id=\"afgjxeqbvq\" class=\"brz-section css-7d6yzg\" data-uid=\"afgjxeqbvq\">\n<div class=\"brz-section__items\">\n<div class=\"brz-section__content\" data-custom-id=\"pfpbpqiero\">\n<div class=\"brz-bg css-14wmv5b\">\n<div class=\"brz-bg-media\">\n<div class=\"brz-bg-image\"><\/div>\n<div class=\"brz-bg-color\"><\/div>\n<\/div>\n<div class=\"brz-bg-content\">\n<div class=\"brz-container__wrap css-fumjme\">\n<div class=\"brz-container css-7ws04p\">\n<div class=\"brz-wrapper css-6fvry1\">\n<div class=\"brz-d-xs-flex css-y6jvco\">\n<div class=\"brz-rich-text\" data-custom-id=\"qtkoklkrpq\">\n<h2 class=\"brz-fw-xs-im-200 brz-fw-sm-im-undefined brz-fw-lg-200 brz-ff-changa_one brz-ls-xs-im-m_1 brz-ls-sm-im-undefined brz-ls-lg-m_0_5 brz-lh-xs-im-1_3 brz-lh-sm-im-undefined brz-lh-lg-1_1 brz-text-lg-center brz-fs-lg-50 brz-fs-xs-im-19\"><span class=\"brz-cp-color2\">\u041a\u043e\u043d\u0442\u0430\u043a\u0442 \u0441\u043e \u043d\u0430\u0441\u00a0<\/span><\/h2>\n<\/div>\n<\/div>\n<\/div>\n<div class=\"brz-wrapper css-b75mnq\">\n<div class=\"brz-d-xs-flex css-1rmgdh0\">\n<div class=\"brz-spacer css-10btme5\"><\/div>\n<\/div>\n<\/div>\n<div class=\"brz-row__container css-1xef2ox\" data-custom-id=\"ocijkhgcib\">\n<div class=\"brz-bg brz-d-xs-flex brz-flex-xs-wrap css-8pkgbi\">\n<div class=\"brz-bg-media\">\n<div class=\"brz-bg-color\"><\/div>\n<\/div>\n<div class=\"brz-bg-content\">\n<div class=\"brz-row css-18qg7sn\">\n<div class=\"brz-columns css-n9i11v\" data-custom-id=\"echaxyvypz\">\n<div class=\"brz-bg brz-d-xs-flex css-19s8v0j\">\n<div class=\"brz-bg-media\">\n<div class=\"brz-bg-color\"><\/div>\n<\/div>\n<div class=\"brz-bg-content\">\n<div class=\"brz-row__container css-1xef2ox\" data-custom-id=\"xknmcpxzhy\">\n<div class=\"brz-bg brz-d-xs-flex brz-flex-xs-wrap css-8pkgbi\">\n<div class=\"brz-bg-media\">\n<div class=\"brz-bg-color\"><\/div>\n<\/div>\n<div class=\"brz-bg-content\">\n<div class=\"brz-row brz-row--inner css-18qg7sn\">\n<div class=\"brz-columns css-qgddyx\" data-custom-id=\"ykcqbguwnp\">\n<div class=\"brz-bg brz-d-xs-flex css-2amjz2\">\n<div class=\"brz-bg-media\">\n<div class=\"brz-bg-video\" data-mute=\"on\" data-autoplay=\"on\"><iframe class=\"brz-iframe brz-bg-video__cover\" style=\"display:none\"><\/iframe><\/div>\n<div class=\"brz-bg-map\"><iframe class=\"brz-iframe brz-bg-map__cover\" style=\"display:none\"><\/iframe><\/div>\n<div class=\"brz-bg-color\"><\/div>\n<\/div>\n<div class=\"brz-bg-content\">\n<div class=\"brz-wrapper css-6fvry1\">\n<div class=\"brz-d-xs-flex css-laz546\">\n<div class=\"brz-form css-1nx6iz\" data-custom-id=\"fgtphmbaqy\">\n<form novalidate=\"\" action=\"http:\/\/antika-tetove.com\/mk\/wp-admin\/admin-ajax.php\/?action=brizy_submit_form\" data-form-id=\"fgtphmbaqy\" data-success=\"\" data-error=\"\" data-redirect=\"\" data-trp-original-action=\"http:\/\/antika-tetove.com\/wp-admin\/admin-ajax.php?action=brizy_submit_form\">\n<div class=\"brz-form__fields css-1h3eid0\">\n<div class=\"brz-form__item css-1u0t999\"><input class=\"brz-input brz-form__field\" id=\"pferuuzdbd\" name=\"pferuuzdbd\" placeholder=\"Emri:\" data-type=\"Text\" data-label=\"Emri:\"><\/div>\n<div class=\"brz-form__item css-1u0t999\"><input type=\"email\" class=\"brz-input brz-form__field\" id=\"ovqpgirtdl\" name=\"ovqpgirtdl\" placeholder=\"E-maili:\" pattern=\"^[a-zA-Z0-9_.+-]+@[a-zA-Z0-9-]+.[a-zA-Z0-9-.]+$\" data-type=\"Email\" data-label=\"E-maili:\"><\/div>\n<div class=\"brz-form__item css-11q47u1\"><input type=\"number\" class=\"brz-input brz-form__field\" id=\"xstackstew\" name=\"xstackstew\" placeholder=\"Mob:\" pattern=\"^-?[0-9]d*(.d+)?$\" data-type=\"Number\" data-label=\"Mob:\"><\/div>\n<div class=\"brz-form__item css-1d1ieyt\"><textarea class=\"brz-textarea brz-form__field\" id=\"cgytjyqush\" name=\"cgytjyqush\" placeholder=\"\u0442\u0435\u043a\u0441\u0442:\" data-type=\"Paragraph\" data-label=\"Teksti:\"><\/textarea><\/div>\n<\/div>\n<p><button class=\"brz-btn css-1vx2fb3\" data-custom-id=\"hevllyfduw\"><span class=\"brz-span brz-text__editor\" contenteditable=\"false\">\u0418\u0421\u041f\u0420\u0410\u0422\u0418<\/span><\/button><input type=\"hidden\" name=\"trp-form-language\" value=\"mk\"\/><\/form>\n<\/div>\n<\/div>\n<\/div>\n<\/div>\n<\/div>\n<\/div>\n<\/div>\n<\/div>\n<\/div>\n<\/div>\n<\/div>\n<\/div>\n<\/div>\n<div class=\"brz-columns css-1ghg4up\" data-custom-id=\"zaobsuhhjy\">\n<div class=\"brz-bg brz-d-xs-flex css-1f4kt81\">\n<div class=\"brz-bg-media\">\n<div class=\"brz-bg-color\"><\/div>\n<\/div>\n<div class=\"brz-bg-content\">\n<div class=\"brz-wrapper css-6fvry1\">\n<div class=\"brz-d-xs-flex css-blabo\">\n<div class=\"brz-rich-text\" data-custom-id=\"znvdsjkver\">\n<p class=\"brz-mb-lg-0 brz-text-xs-center brz-mb-xs-10 brz-tp-heading6\"><span class=\"brz-cp-color3\" style=\"background-color: transparent;\">\u041d\u0410\u0428\u0410 \u0410\u0414\u0420\u0415\u0421\u0410:<\/span><\/p>\n<\/div>\n<\/div>\n<\/div>\n<div class=\"brz-wrapper css-6fvry1\">\n<div class=\"brz-d-xs-flex css-laz546\">\n<div class=\"brz-rich-text\" data-custom-id=\"hpvslrwkte\">\n<p class=\"brz-tp-paragraph\"><span class=\"brz-cp-color7\">Murat Baftjari Nr.120<\/span><\/p>\n<p class=\"brz-tp-paragraph\"><span class=\"brz-cp-color7\">Tetov\u00eb, Maqedoni<\/span><\/p>\n<\/div>\n<\/div>\n<\/div>\n<div class=\"brz-wrapper css-6fvry1\">\n<div class=\"brz-d-xs-flex css-blabo\">\n<div class=\"brz-rich-text\" data-custom-id=\"pdpqjuqyhc\">\n<p class=\"brz-tp-heading6 brz-mb-xs-10 brz-text-xs-center brz-mb-lg-0\"><span class=\"brz-cp-color3\" style=\"background-color: transparent;\">\u041d\u0410\u0428\u0410 \u0410\u0414\u0420\u0415\u0421\u0410:<\/span><\/p>\n<\/div>\n<\/div>\n<\/div>\n<div class=\"brz-wrapper css-6fvry1\">\n<div class=\"brz-d-xs-flex css-laz546\">\n<div class=\"brz-rich-text\" data-custom-id=\"imcpixbfor\">\n<p class=\"brz-tp-paragraph\"><span class=\"brz-cp-color7\">07:00 deri ne 19:00<\/span><\/p>\n<\/div>\n<\/div>\n<\/div>\n<div class=\"brz-wrapper css-6fvry1\">\n<div class=\"brz-d-xs-flex css-blabo\">\n<div class=\"brz-rich-text\" data-custom-id=\"zwrqffegow\">\n<p class=\"brz-tp-heading6 brz-mb-xs-10 brz-text-xs-center brz-mb-lg-0\"><span class=\"brz-cp-color3\" style=\"background-color: transparent;\">\u041c\u041e\u0411\u0418\u041b\u0415\u041d \u0422\u0415\u041b\u0415\u0424\u041e\u041d:<\/span><\/p>\n<\/div>\n<\/div>\n<\/div>\n<div class=\"brz-wrapper css-6fvry1\">\n<div class=\"brz-d-xs-flex css-laz546\">\n<div class=\"brz-rich-text\" data-custom-id=\"csblvokucw\">\n<p class=\"brz-tp-paragraph\"><span class=\"brz-cp-color7\">+389 70 530 379\u00a0<\/span><\/p>\n<p class=\"brz-tp-paragraph\"><span class=\"brz-cp-color7\">\u00a0<\/span><\/p>\n<\/div>\n<\/div>\n<\/div>\n<\/div>\n<\/div>\n<\/div>\n<\/div>\n<\/div>\n<\/div>\n<\/div>\n<\/div>\n<\/div>\n<\/div>\n<\/div>\n<\/div>\n<\/div>\n<\/section>\n<section id=\"sbobeidnzw\" class=\"brz-section css-7d6yzg\" data-uid=\"sbobeidnzw\">\n<div class=\"brz-section__items\">\n<div class=\"brz-section__content\" data-custom-id=\"hyhghgqifs\">\n<div class=\"brz-bg css-dfljdp\">\n<div class=\"brz-bg-media\">\n<div class=\"brz-bg-color\"><\/div>\n<\/div>\n<div class=\"brz-bg-content\">\n<div class=\"brz-container__wrap css-1jd8al6\">\n<div class=\"brz-container css-1ptl1a3\">\n<div class=\"brz-row__container css-1xef2ox brz-animated\" data-animate-name=\"fadeInDown\" data-animate-delay=\"1000\" data-animate-duration=\"1000\" data-custom-id=\"slnxnwgyop\">\n<div class=\"brz-bg brz-d-xs-flex brz-flex-xs-wrap css-8pkgbi\">\n<div class=\"brz-bg-media\">\n<div class=\"brz-bg-color\"><\/div>\n<\/div>\n<div class=\"brz-bg-content\">\n<div class=\"brz-row css-14xdcsy\">\n<div class=\"brz-columns css-qgddyx\" data-custom-id=\"pzjvlzhgxd\">\n<div class=\"brz-bg brz-d-xs-flex css-1gn962o\">\n<div class=\"brz-bg-media\">\n<div class=\"brz-bg-color\"><\/div>\n<\/div>\n<div class=\"brz-bg-content\">\n<div class=\"brz-wrapper css-6fvry1\">\n<div class=\"brz-d-xs-flex css-laz546\">\n<div class=\"brz-map css-10ifq99\" data-custom-id=\"ahshfiqybe\">\n<div class=\"brz-map-content\"><iframe class=\"brz-iframe\" src=\"https:\/\/www.google.com\/maps\/embed\/v1\/place?key=AIzaSyCcywKcxXeMZiMwLDcLgyEnNglcLOyB_qw&#038;q=macedonia, tetovo, murat baftjari&#038;zoom=16\"><\/iframe><\/div>\n<\/div>\n<\/div>\n<\/div>\n<\/div>\n<\/div>\n<\/div>\n<\/div>\n<\/div>\n<\/div>\n<\/div>\n<\/div>\n<\/div>\n<\/div>\n<\/div>\n<\/div>\n<\/div>\n<\/section>\n<section id=\"uikkpdrlsp\" class=\"brz-section css-7d6yzg\" data-uid=\"uikkpdrlsp\">\n<div class=\"brz-section__items\">\n<div class=\"brz-section__content\" data-custom-id=\"upmqqkjurs\">\n<div class=\"brz-bg css-deqtgo\">\n<div class=\"brz-bg-media\">\n<div class=\"brz-bg-video\" data-mute=\"on\" data-autoplay=\"on\"><iframe class=\"brz-iframe brz-bg-video__cover\" style=\"display:none\"><\/iframe><\/div>\n<div class=\"brz-bg-map\"><iframe class=\"brz-iframe brz-bg-map__cover\" style=\"display:none\"><\/iframe><\/div>\n<div class=\"brz-bg-color\"><\/div>\n<\/div>\n<div class=\"brz-bg-content\">\n<div class=\"brz-container__wrap css-1ing3tj\">\n<div class=\"brz-container css-10j17br\">\n<div class=\"brz-wrapper css-6fvry1\">\n<div class=\"brz-d-xs-flex css-laz546\">\n<div class=\"brz-rich-text\" data-custom-id=\"hofxlznvrw\">\n<h2 class=\"brz-tp-heading2 brz-text-lg-center\"><span class=\"brz-cp-color2\">\u041a\u043e\u043d\u0442\u0430\u043a\u0442:<\/span><\/h2>\n<\/div>\n<\/div>\n<\/div>\n<div class=\"brz-wrapper css-6fvry1\">\n<div class=\"brz-d-xs-flex css-1rmgdh0\">\n<div class=\"brz-spacer css-10btme5\"><\/div>\n<\/div>\n<\/div>\n<div class=\"brz-wrapper css-6fvry1\">\n<div class=\"brz-d-xs-flex css-1rmgdh0\">\n<div class=\"brz-spacer css-10btme5\"><\/div>\n<\/div>\n<\/div>\n<div class=\"brz-row__container css-1xef2ox\" data-custom-id=\"ynjyostsjg\">\n<div class=\"brz-bg brz-d-xs-flex brz-flex-xs-wrap css-8pkgbi\">\n<div class=\"brz-bg-media\">\n<div class=\"brz-bg-color\"><\/div>\n<\/div>\n<div class=\"brz-bg-content\">\n<div class=\"brz-row css-18qg7sn\">\n<div class=\"brz-columns css-1lcxv09\" data-custom-id=\"yfxbbbyogv\">\n<div class=\"brz-bg brz-d-xs-flex css-19s8v0j\">\n<div class=\"brz-bg-media\">\n<div class=\"brz-bg-color\"><\/div>\n<\/div>\n<div class=\"brz-bg-content\">\n<div class=\"brz-wrapper-clone css-nil\">\n<div class=\"brz-wrapper-clone__wrap css-15s8sb9\">\n<div class=\"brz-d-xs-flex brz-flex-xs-wrap css-uo4t1y\">\n<div class=\"brz-wrapper-clone__item css-1g5ql68\" id=\"bnrpgvapeg\">\n<div class=\"brz-icon__container\" data-custom-id=\"bnrpgvapeg\"><span class=\"brz-span brz-icon css-5m01oz\"><svg class=\"brz-icon-svg\" data-href=\"{@brizy_SITE_URL_PLACEHOLDER@}?brizy_post=873&#038;brizy=template\/icons\/glyph\/email-85.svg#nc_icon\"\/><\/span><\/div>\n<\/div>\n<\/div>\n<\/div>\n<\/div>\n<div class=\"brz-wrapper css-6fvry1\">\n<div class=\"brz-d-xs-flex css-laz546\">\n<div class=\"brz-rich-text\" data-custom-id=\"ubevuockjc\">\n<p class=\"brz-mb-lg-5 brz-text-lg-center brz-tp-abovetitle\"><span class=\"brz-cp-color3\">\u0415-\u043f\u043e\u0448\u0442\u0430<\/span><\/p>\n<h6 class=\"brz-text-lg-center brz-tp-heading6\"><span style=\"color: rgb(35, 157, 219);\"><a href=\"mailto:info@antika-tetove.com\">info@antika-tetove.com<\/a><\/span><\/h6>\n<\/div>\n<\/div>\n<\/div>\n<\/div>\n<\/div>\n<\/div>\n<div class=\"brz-columns css-1lcxv09\" data-custom-id=\"zmymsvpvir\">\n<div class=\"brz-bg brz-d-xs-flex css-19s8v0j\">\n<div class=\"brz-bg-media\">\n<div class=\"brz-bg-color\"><\/div>\n<\/div>\n<div class=\"brz-bg-content\">\n<div class=\"brz-wrapper-clone css-nil\">\n<div class=\"brz-wrapper-clone__wrap css-15s8sb9\">\n<div class=\"brz-d-xs-flex brz-flex-xs-wrap css-uo4t1y\">\n<div class=\"brz-wrapper-clone__item css-1g5ql68\" id=\"ndkngjlopb\">\n<div class=\"brz-icon__container\" data-custom-id=\"ndkngjlopb\"><span class=\"brz-span brz-icon css-5m01oz\"><svg class=\"brz-icon-svg\" data-href=\"{@brizy_SITE_URL_PLACEHOLDER@}?brizy_post=873&#038;brizy=template\/icons\/glyph\/phone-2.svg#nc_icon\"\/><\/span><\/div>\n<\/div>\n<\/div>\n<\/div>\n<\/div>\n<div class=\"brz-wrapper css-6fvry1\">\n<div class=\"brz-d-xs-flex css-laz546\">\n<div class=\"brz-rich-text\" data-custom-id=\"ulndfazmpp\">\n<p class=\"brz-mb-lg-5 brz-text-lg-center brz-tp-abovetitle\"><span class=\"brz-cp-color3\">\u041c\u041e\u0411<\/span><\/p>\n<h6 class=\"brz-text-lg-center brz-tp-heading6\"><span style=\"color: rgb(35, 157, 219);\">+389 70 530 379<\/span><\/h6>\n<\/div>\n<\/div>\n<\/div>\n<\/div>\n<\/div>\n<\/div>\n<div class=\"brz-columns css-1b1gvps\" data-custom-id=\"ywhmrmmkkq\">\n<div class=\"brz-bg brz-d-xs-flex css-19s8v0j\">\n<div class=\"brz-bg-media\">\n<div class=\"brz-bg-color\"><\/div>\n<\/div>\n<div class=\"brz-bg-content\">\n<div class=\"brz-wrapper-clone css-nil\">\n<div class=\"brz-wrapper-clone__wrap css-15s8sb9\">\n<div class=\"brz-d-xs-flex brz-flex-xs-wrap css-uo4t1y\">\n<div class=\"brz-wrapper-clone__item css-1g5ql68\" id=\"vvccoiuguh\">\n<div class=\"brz-icon__container\" data-custom-id=\"vvccoiuguh\"><span class=\"brz-span brz-icon css-5m01oz\"><svg class=\"brz-icon-svg\" data-href=\"{@brizy_SITE_URL_PLACEHOLDER@}?brizy_post=873&#038;brizy=template\/icons\/glyph\/share-2.svg#nc_icon\"\/><\/span><\/div>\n<\/div>\n<\/div>\n<\/div>\n<\/div>\n<div class=\"brz-wrapper css-6fvry1\">\n<div class=\"brz-d-xs-flex css-blabo\">\n<div class=\"brz-rich-text\" data-custom-id=\"hbyviyllya\">\n<p class=\"brz-mb-lg-5 brz-text-lg-center brz-tp-abovetitle\"><span class=\"brz-cp-color3\">\u0421\u041e\u0426\u0418\u0408\u0410\u041b\u041d\u0418 \u041c\u0420\u0415\u0416\u0418<\/span><\/p>\n<\/div>\n<\/div>\n<\/div>\n<div class=\"brz-wrapper-clone css-nil\">\n<div class=\"brz-wrapper-clone__wrap css-1a2sose\">\n<div class=\"brz-d-xs-flex brz-flex-xs-wrap css-uo4t1y\">\n<div class=\"brz-wrapper-clone__item css-1g5ql68\" id=\"hxgsxrnwkh\">\n<div class=\"brz-icon__container\" data-custom-id=\"hxgsxrnwkh\"><a class=\"brz-a\" href=\"https:\/\/www.facebook.com\/Antika.Tetov\/\" target=\"_blank\" data-brz-link-type=\"external\" rel=\"noopener noreferrer\"><span class=\"brz-span brz-icon css-5o03nc\"><svg class=\"brz-icon-svg\" data-href=\"{@brizy_SITE_URL_PLACEHOLDER@}?brizy_post=873&#038;brizy=template\/icons\/glyph\/logo-fb-simple.svg#nc_icon\"\/><\/span><\/a><\/div>\n<\/div>\n<div class=\"brz-wrapper-clone__item css-1g5ql68\" id=\"dqljjgslbm\">\n<div class=\"brz-icon__container\" data-custom-id=\"dqljjgslbm\"><span class=\"brz-span brz-icon css-5o2key\"><svg class=\"brz-icon-svg\" data-href=\"{@brizy_SITE_URL_PLACEHOLDER@}?brizy_post=873&#038;brizy=template\/icons\/glyph\/logo-google-plus.svg#nc_icon\"\/><\/span><\/div>\n<\/div>\n<\/div>\n<\/div>\n<\/div>\n<\/div>\n<\/div>\n<\/div>\n<\/div>\n<\/div>\n<\/div>\n<\/div>\n<\/div>\n<\/div>\n<\/div>\n<\/div>\n<\/div>\n<\/div>\n<\/section>\n<\/div>","protected":false},"excerpt":{"rendered":"<p>Na kontaktoni\u00a0 D\u00cbRGO ADRESA JON\u00cb: Murat Baftjari Nr.120 Tetov\u00eb, Maqedoni ORARI I PUN\u00cbS: 07:00 deri ne 19:00 TELEFONI CELULUAR: +389 70 530 379\u00a0 \u00a0 Na kontaktoni: E-MAILI info@antika-tetove.com MOB +389 70 530 379 RRJETET SOCIALE<\/p>","protected":false},"author":1,"featured_media":0,"parent":0,"menu_order":0,"comment_status":"closed","ping_status":"closed","template":"visual-builder-template.php","meta":[],"brizy_attachment_focal_point":"","_links":{"self":[{"href":"https:\/\/antika-tetove.com\/mk\/wp-json\/wp\/v2\/pages\/873"}],"collection":[{"href":"https:\/\/antika-tetove.com\/mk\/wp-json\/wp\/v2\/pages"}],"about":[{"href":"https:\/\/antika-tetove.com\/mk\/wp-json\/wp\/v2\/types\/page"}],"author":[{"embeddable":true,"href":"https:\/\/antika-tetove.com\/mk\/wp-json\/wp\/v2\/users\/1"}],"replies":[{"embeddable":true,"href":"https:\/\/antika-tetove.com\/mk\/wp-json\/wp\/v2\/comments?post=873"}],"version-history":[{"count":34,"href":"https:\/\/antika-tetove.com\/mk\/wp-json\/wp\/v2\/pages\/873\/revisions"}],"predecessor-version":[{"id":1069,"href":"https:\/\/antika-tetove.com\/mk\/wp-json\/wp\/v2\/pages\/873\/revisions\/1069"}],"wp:attachment":[{"href":"https:\/\/antika-tetove.com\/mk\/wp-json\/wp\/v2\/media?parent=873"}],"curies":[{"name":"wp","href":"https:\/\/api.w.org\/{rel}","templated":true}]}}