{"id":549,"date":"2018-06-13T14:01:11","date_gmt":"2018-06-13T13:01:11","guid":{"rendered":"http:\/\/antika-tetove.com\/?page_id=549"},"modified":"2019-04-23T07:33:21","modified_gmt":"2019-04-23T06:33:21","slug":"punlt-tona","status":"publish","type":"page","link":"https:\/\/antika-tetove.com\/sq\/punlt-tona\/","title":{"rendered":"Pun\u00ebt tona"},"content":{"rendered":"<div class=\"brz-root__container brz-reset-all\">\n<section id=\"wc83txnLGH\" class=\"brz-section css-7d6yzg\" data-uid=\"wc83txnLGH\">\n<div class=\"brz-section__items\">\n<div class=\"brz-section__content\" data-custom-id=\"D3vVEpSNTk\">\n<div class=\"brz-bg css-deqtgo\">\n<div class=\"brz-bg-media\">\n<div class=\"brz-bg-video\" data-mute=\"on\" data-autoplay=\"on\"><iframe class=\"brz-iframe brz-bg-video__cover\" style=\"display:none\"><\/iframe><\/div>\n<div class=\"brz-bg-map\"><iframe class=\"brz-iframe brz-bg-map__cover\" style=\"display:none\"><\/iframe><\/div>\n<div class=\"brz-bg-color\"><\/div>\n<\/div>\n<div class=\"brz-bg-content\">\n<div class=\"brz-container__wrap css-1updyx5\">\n<div class=\"brz-container css-1ptl1a3\">\n<div class=\"brz-row__container css-1xef2ox\" data-custom-id=\"pvbnohBsAQ\">\n<div class=\"brz-bg brz-d-xs-flex brz-flex-xs-wrap css-8pkgbi\">\n<div class=\"brz-bg-media\">\n<div class=\"brz-bg-color\"><\/div>\n<\/div>\n<div class=\"brz-bg-content\">\n<div class=\"brz-row css-18qg7sn\">\n<div class=\"brz-columns css-1lcxv09\" data-custom-id=\"RNrTyJ0p3q\">\n<div class=\"brz-bg brz-d-xs-flex css-h3b7wo\">\n<div class=\"brz-bg-media\">\n<div class=\"brz-bg-image\"><\/div>\n<div class=\"brz-bg-color\"><\/div>\n<\/div>\n<div class=\"brz-bg-content\">\n<div class=\"brz-wrapper css-6fvry1\">\n<div class=\"brz-d-xs-flex css-1rmgdh0\">\n<div class=\"brz-spacer css-1biyb3a\"><\/div>\n<\/div>\n<\/div>\n<div class=\"brz-row__container css-1xef2ox\" data-custom-id=\"EAeFK1_2Qo\">\n<div class=\"brz-bg brz-d-xs-flex brz-flex-xs-wrap css-8pkgbi\">\n<div class=\"brz-bg-media\">\n<div class=\"brz-bg-color\"><\/div>\n<\/div>\n<div class=\"brz-bg-content\">\n<div class=\"brz-row brz-row--inner css-18qg7sn\">\n<div class=\"brz-columns css-qgddyx\" data-custom-id=\"CSMCLzPQnD\">\n<div class=\"brz-bg brz-d-xs-flex css-1hzbf9b\">\n<div class=\"brz-bg-media\">\n<div class=\"brz-bg-color\"><\/div>\n<\/div>\n<div class=\"brz-bg-content\">\n<div class=\"brz-wrapper-clone css-nil\">\n<div class=\"brz-wrapper-clone__wrap css-15s8sb9\">\n<div class=\"brz-d-xs-flex brz-flex-xs-wrap css-uo4t1y\">\n<div class=\"brz-wrapper-clone__item css-1g5ql68\" id=\"qvgrfliani\"><a class=\"brz-a brz-btn css-x5wrdw\" href=\"{@brizy_SITE_URL_PLACEHOLDER@}punlt-tona\/shkalet\/\" data-brz-link-type=\"external\" data-custom-id=\"qvgrfliani\"><svg class=\"brz-icon-svg css-1jc60k4\" data-href=\"{@brizy_SITE_URL_PLACEHOLDER@}?brizy_post=549&#038;brizy=template\/icons\/glyph\/tail-right.svg#nc_icon\"\/><span class=\"brz-span brz-text__editor\" contenteditable=\"false\">ND\u00cbRTIMI I SHKALL\u00cbVE ME RASA<\/span><\/a><\/div>\n<\/div>\n<\/div>\n<\/div>\n<\/div>\n<\/div>\n<\/div>\n<\/div>\n<\/div>\n<\/div>\n<\/div>\n<\/div>\n<\/div>\n<\/div>\n<div class=\"brz-columns css-1lcxv09\" data-custom-id=\"ongNTZzns8\">\n<div class=\"brz-bg brz-d-xs-flex css-yorgcm\">\n<div class=\"brz-bg-media\">\n<div class=\"brz-bg-image\"><\/div>\n<div class=\"brz-bg-color\"><\/div>\n<\/div>\n<div class=\"brz-bg-content\">\n<div class=\"brz-wrapper css-6fvry1\">\n<div class=\"brz-d-xs-flex css-1rmgdh0\">\n<div class=\"brz-spacer css-1biyb3a\"><\/div>\n<\/div>\n<\/div>\n<div class=\"brz-row__container css-1xef2ox\" data-custom-id=\"cG3_acUaNY\">\n<div class=\"brz-bg brz-d-xs-flex brz-flex-xs-wrap css-8pkgbi\">\n<div class=\"brz-bg-media\">\n<div class=\"brz-bg-color\"><\/div>\n<\/div>\n<div class=\"brz-bg-content\">\n<div class=\"brz-row brz-row--inner css-18qg7sn\">\n<div class=\"brz-columns css-qgddyx\" data-custom-id=\"MGLE~OlvGh\">\n<div class=\"brz-bg brz-d-xs-flex css-1hzbf9b\">\n<div class=\"brz-bg-media\">\n<div class=\"brz-bg-color\"><\/div>\n<\/div>\n<div class=\"brz-bg-content\">\n<div class=\"brz-wrapper-clone css-nil\">\n<div class=\"brz-wrapper-clone__wrap css-15s8sb9\">\n<div class=\"brz-d-xs-flex brz-flex-xs-wrap css-uo4t1y\">\n<div class=\"brz-wrapper-clone__item css-1g5ql68\" id=\"kphucrwtrc\"><a class=\"brz-a brz-btn css-1iv4v1e\" href=\"http:\/\/antika-tetove.com\/punlt-tona\/fontanat\/\" data-brz-link-type=\"external\" data-custom-id=\"kphucrwtrc\"><svg class=\"brz-icon-svg css-1jc60k4\" data-href=\"{@brizy_SITE_URL_PLACEHOLDER@}?brizy_post=549&#038;brizy=template\/icons\/glyph\/tail-right.svg#nc_icon\"\/><span class=\"brz-span brz-text__editor\" contenteditable=\"false\">ND\u00cbRTIMI I BURIMEVE<\/span><\/a><\/div>\n<\/div>\n<\/div>\n<\/div>\n<\/div>\n<\/div>\n<\/div>\n<\/div>\n<\/div>\n<\/div>\n<\/div>\n<\/div>\n<\/div>\n<\/div>\n<div class=\"brz-columns css-1b1gvps\" data-custom-id=\"dUSXtGNb_R\">\n<div class=\"brz-bg brz-d-xs-flex css-14ygghi\">\n<div class=\"brz-bg-media\">\n<div class=\"brz-bg-image\"><\/div>\n<div class=\"brz-bg-color\"><\/div>\n<\/div>\n<div class=\"brz-bg-content\">\n<div class=\"brz-wrapper css-6fvry1\">\n<div class=\"brz-d-xs-flex css-1rmgdh0\">\n<div class=\"brz-spacer css-1biyb3a\"><\/div>\n<\/div>\n<\/div>\n<div class=\"brz-row__container css-1xef2ox\" data-custom-id=\"wjU9hNfswu\">\n<div class=\"brz-bg brz-d-xs-flex brz-flex-xs-wrap css-8pkgbi\">\n<div class=\"brz-bg-media\">\n<div class=\"brz-bg-color\"><\/div>\n<\/div>\n<div class=\"brz-bg-content\">\n<div class=\"brz-row brz-row--inner css-18qg7sn\">\n<div class=\"brz-columns css-qgddyx\" data-custom-id=\"QUd3IFLNEZ\">\n<div class=\"brz-bg brz-d-xs-flex css-1hzbf9b\">\n<div class=\"brz-bg-media\">\n<div class=\"brz-bg-color\"><\/div>\n<\/div>\n<div class=\"brz-bg-content\">\n<div class=\"brz-wrapper-clone css-nil\">\n<div class=\"brz-wrapper-clone__wrap css-15s8sb9\">\n<div class=\"brz-d-xs-flex brz-flex-xs-wrap css-uo4t1y\">\n<div class=\"brz-wrapper-clone__item css-1g5ql68\" id=\"axsmwgusgt\"><a class=\"brz-a brz-btn css-1iv4v1e\" href=\"http:\/\/antika-tetove.com\/punlt-tona\/oxhaqe\/\" data-brz-link-type=\"external\" data-custom-id=\"axsmwgusgt\"><svg class=\"brz-icon-svg css-1jc60k4\" data-href=\"{@brizy_SITE_URL_PLACEHOLDER@}?brizy_post=549&#038;brizy=template\/icons\/glyph\/tail-right.svg#nc_icon\"\/><span class=\"brz-span brz-text__editor\" contenteditable=\"false\">ND\u00cbRTIMI I KAMINAVE<\/span><\/a><\/div>\n<\/div>\n<\/div>\n<\/div>\n<\/div>\n<\/div>\n<\/div>\n<\/div>\n<\/div>\n<\/div>\n<\/div>\n<\/div>\n<\/div>\n<\/div>\n<\/div>\n<\/div>\n<\/div>\n<\/div>\n<div class=\"brz-row__container css-1xef2ox\" data-custom-id=\"ToBvHe8B5n\">\n<div class=\"brz-bg brz-d-xs-flex brz-flex-xs-wrap css-8pkgbi\">\n<div class=\"brz-bg-media\">\n<div class=\"brz-bg-color\"><\/div>\n<\/div>\n<div class=\"brz-bg-content\">\n<div class=\"brz-row css-18qg7sn\">\n<div class=\"brz-columns css-107dpyu\" data-custom-id=\"g2pqwe_~nf\">\n<div class=\"brz-bg brz-d-xs-flex css-avi6oc\">\n<div class=\"brz-bg-media\">\n<div class=\"brz-bg-image\"><\/div>\n<div class=\"brz-bg-color\"><\/div>\n<\/div>\n<div class=\"brz-bg-content\">\n<div class=\"brz-wrapper css-6fvry1\">\n<div class=\"brz-d-xs-flex css-1rmgdh0\">\n<div class=\"brz-spacer css-1biyb3a\"><\/div>\n<\/div>\n<\/div>\n<div class=\"brz-row__container css-1xef2ox\" data-custom-id=\"X1Wvna2v6U\">\n<div class=\"brz-bg brz-d-xs-flex brz-flex-xs-wrap css-8pkgbi\">\n<div class=\"brz-bg-media\">\n<div class=\"brz-bg-color\"><\/div>\n<\/div>\n<div class=\"brz-bg-content\">\n<div class=\"brz-row brz-row--inner css-18qg7sn\">\n<div class=\"brz-columns css-qgddyx\" data-custom-id=\"l1ZFBzxfTq\">\n<div class=\"brz-bg brz-d-xs-flex css-1hzbf9b\">\n<div class=\"brz-bg-media\">\n<div class=\"brz-bg-color\"><\/div>\n<\/div>\n<div class=\"brz-bg-content\">\n<div class=\"brz-wrapper-clone css-nil\">\n<div class=\"brz-wrapper-clone__wrap css-15s8sb9\">\n<div class=\"brz-d-xs-flex brz-flex-xs-wrap css-uo4t1y\">\n<div class=\"brz-wrapper-clone__item css-1g5ql68\" id=\"ceixeoqprx\"><a class=\"brz-a brz-btn css-1iv4v1e\" href=\"http:\/\/antika-tetove.com\/punlt-tona\/cezma\/\" data-brz-link-type=\"external\" data-custom-id=\"ceixeoqprx\"><svg class=\"brz-icon-svg css-1jc60k4\" data-href=\"{@brizy_SITE_URL_PLACEHOLDER@}?brizy_post=549&#038;brizy=template\/icons\/glyph\/tail-right.svg#nc_icon\"\/><span class=\"brz-span brz-text__editor\" contenteditable=\"false\">ND\u00cbRTIMI I CEZMAVE<\/span><\/a><\/div>\n<\/div>\n<\/div>\n<\/div>\n<\/div>\n<\/div>\n<\/div>\n<\/div>\n<\/div>\n<\/div>\n<\/div>\n<\/div>\n<\/div>\n<\/div>\n<div class=\"brz-columns css-107dpyu\" data-custom-id=\"A23nmtsI~6\">\n<div class=\"brz-bg brz-d-xs-flex css-1oue41o\">\n<div class=\"brz-bg-media\">\n<div class=\"brz-bg-image\"><\/div>\n<div class=\"brz-bg-color\"><\/div>\n<\/div>\n<div class=\"brz-bg-content\">\n<div class=\"brz-wrapper css-6fvry1\">\n<div class=\"brz-d-xs-flex css-1rmgdh0\">\n<div class=\"brz-spacer css-1biyb3a\"><\/div>\n<\/div>\n<\/div>\n<div class=\"brz-row__container css-1xef2ox\" data-custom-id=\"t5RAf9B7_k\">\n<div class=\"brz-bg brz-d-xs-flex brz-flex-xs-wrap css-8pkgbi\">\n<div class=\"brz-bg-media\">\n<div class=\"brz-bg-color\"><\/div>\n<\/div>\n<div class=\"brz-bg-content\">\n<div class=\"brz-row brz-row--inner css-18qg7sn\">\n<div class=\"brz-columns css-qgddyx\" data-custom-id=\"SApfxmafWt\">\n<div class=\"brz-bg brz-d-xs-flex css-1hzbf9b\">\n<div class=\"brz-bg-media\">\n<div class=\"brz-bg-color\"><\/div>\n<\/div>\n<div class=\"brz-bg-content\">\n<div class=\"brz-wrapper-clone css-nil\">\n<div class=\"brz-wrapper-clone__wrap css-15s8sb9\">\n<div class=\"brz-d-xs-flex brz-flex-xs-wrap css-uo4t1y\">\n<div class=\"brz-wrapper-clone__item css-1g5ql68\" id=\"fuacravkon\"><a class=\"brz-a brz-btn css-1iv4v1e\" href=\"http:\/\/antika-tetove.com\/punlt-tona\/mure-oboresh\/\" data-brz-link-type=\"external\" data-custom-id=\"fuacravkon\"><svg class=\"brz-icon-svg css-1jc60k4\" data-href=\"{@brizy_SITE_URL_PLACEHOLDER@}?brizy_post=549&#038;brizy=template\/icons\/glyph\/tail-right.svg#nc_icon\"\/><span class=\"brz-span brz-text__editor\" contenteditable=\"false\">ND\u00cbRTIMI I MUREVE TE OBOREVE<\/span><\/a><\/div>\n<\/div>\n<\/div>\n<\/div>\n<\/div>\n<\/div>\n<\/div>\n<\/div>\n<\/div>\n<\/div>\n<\/div>\n<\/div>\n<\/div>\n<\/div>\n<\/div>\n<\/div>\n<\/div>\n<\/div>\n<\/div>\n<\/div>\n<\/div>\n<\/div>\n<\/div>\n<\/div>\n<\/section>\n<\/div>\n","protected":false},"excerpt":{"rendered":"<p>ND\u00cbRTIMI I SHKALL\u00cbVE ME RASA ND\u00cbRTIMI I BURIMEVE ND\u00cbRTIMI I KAMINAVE ND\u00cbRTIMI I CEZMAVE ND\u00cbRTIMI I MUREVE TE OBOREVE<\/p>\n","protected":false},"author":1,"featured_media":0,"parent":0,"menu_order":0,"comment_status":"closed","ping_status":"closed","template":"visual-builder-template.php","meta":[],"brizy_attachment_focal_point":"","_links":{"self":[{"href":"https:\/\/antika-tetove.com\/sq\/wp-json\/wp\/v2\/pages\/549"}],"collection":[{"href":"https:\/\/antika-tetove.com\/sq\/wp-json\/wp\/v2\/pages"}],"about":[{"href":"https:\/\/antika-tetove.com\/sq\/wp-json\/wp\/v2\/types\/page"}],"author":[{"embeddable":true,"href":"https:\/\/antika-tetove.com\/sq\/wp-json\/wp\/v2\/users\/1"}],"replies":[{"embeddable":true,"href":"https:\/\/antika-tetove.com\/sq\/wp-json\/wp\/v2\/comments?post=549"}],"version-history":[{"count":22,"href":"https:\/\/antika-tetove.com\/sq\/wp-json\/wp\/v2\/pages\/549\/revisions"}],"predecessor-version":[{"id":1061,"href":"https:\/\/antika-tetove.com\/sq\/wp-json\/wp\/v2\/pages\/549\/revisions\/1061"}],"wp:attachment":[{"href":"https:\/\/antika-tetove.com\/sq\/wp-json\/wp\/v2\/media?parent=549"}],"curies":[{"name":"wp","href":"https:\/\/api.w.org\/{rel}","templated":true}]}}