{"id":751,"date":"2019-01-14T10:49:36","date_gmt":"2019-01-14T10:49:36","guid":{"rendered":"http:\/\/antika-tetove.com\/?page_id=751"},"modified":"2019-04-22T14:50:22","modified_gmt":"2019-04-22T13:50:22","slug":"fontanat","status":"publish","type":"page","link":"https:\/\/antika-tetove.com\/sq\/punlt-tona\/fontanat\/","title":{"rendered":"Fontanat"},"content":{"rendered":"<div class=\"brz-root__container brz-reset-all\">\n<section id=\"knjgujwsde\" class=\"brz-section css-1c2016y\" data-uid=\"knjgujwsde\">\n<div class=\"brz-section__items\">\n<div class=\"brz-section__content\" data-custom-id=\"msfzmsnyam\">\n<div class=\"brz-bg css-kag4am\">\n<div class=\"brz-bg-media\">\n<div class=\"brz-bg-video\" data-mute=\"on\" data-autoplay=\"on\"><iframe class=\"brz-iframe brz-bg-video__cover\" style=\"display:none\"><\/iframe><\/div>\n<div class=\"brz-bg-map\"><iframe class=\"brz-iframe brz-bg-map__cover\" style=\"display:none\"><\/iframe><\/div>\n<div class=\"brz-bg-color\"><\/div>\n<\/div>\n<div class=\"brz-bg-content\">\n<div class=\"brz-container__wrap css-1updyx5\">\n<div class=\"brz-container css-1ptl1a3\">\n<div class=\"brz-wrapper css-6fvry1\">\n<div class=\"brz-d-xs-flex css-11ygu4e\">\n<div class=\"brz-rich-text\">\n<p class=\"brz-tp-heading2 brz-text-lg-center\"><span class=\"brz-cp-color1\">Nd\u00ebrtimi i fontanave dhe burimeve<\/span><\/p>\n<\/div>\n<\/div>\n<\/div>\n<div class=\"brz-wrapper css-6fvry1\">\n<div class=\"brz-d-xs-flex css-11ygu4e\">\n<div class=\"brz-rich-text\">\n<p class=\"brz-fs-xs-im-23 brz-fs-lg-21 brz-fw-xs-im-400 brz-fw-sm-im-undefined brz-fw-lg-600 brz-ff-muli brz-ls-xs-im-0 brz-ls-sm-im-undefined brz-ls-lg-0 brz-lh-xs-im-1_6 brz-lh-sm-im-undefined brz-lh-lg-1_8\">\t<span class=\"brz-cp-color7\">Nj\u00eb\u00a0burim uji apo nj\u00eb fontan\u00eb n\u00eb oborrin tuaj apo n\u00eb objektin tuaj afarist i jep shije dhe bukuri objektit tuaj. Ne fontanat i nd\u00ebrtojm\u00eb me gurr\u00ebz t\u00eb ve\u00e7ant\u00eb. Mund t\u00eb ndr\u00ebtojm\u00eb fontana t\u00eb vogla dhe t\u00eb m\u00ebdha, si dhe me gurr\u00eb ndrysh\u00ebmm var\u00ebsisht nga d\u00ebshira e klientit.<\/span><\/p>\n<\/div>\n<\/div>\n<\/div>\n<div class=\"brz-wrapper css-6fvry1\">\n<div class=\"brz-d-xs-flex css-1rmgdh0\">\n<div class=\"brz-spacer css-10btme5\"><\/div>\n<\/div>\n<\/div>\n<div class=\"brz-row__container\" data-custom-id=\"fsauscasyf\">\n<div class=\"brz-bg brz-d-xs-flex brz-flex-xs-wrap css-z34uv\">\n<div class=\"brz-bg-media\">\n<div class=\"brz-bg-color\"><\/div>\n<\/div>\n<div class=\"brz-bg-content\">\n<div class=\"brz-row css-18qg7sn\">\n<div class=\"brz-columns css-1xj5grg\" data-custom-id=\"ivikwhdbho\">\n<div class=\"brz-bg brz-d-xs-flex css-1f2z3\">\n<div class=\"brz-bg-media\">\n<div class=\"brz-bg-color\"><\/div>\n<\/div>\n<div class=\"brz-bg-content\">\n<div class=\"brz-wrapper css-6fvry1\">\n<div class=\"brz-d-xs-flex css-laz546\">\n<div class=\"brz-image brz-image__lightbox css-1gtliit\" data-custom-id=\"ncvyutntlm\"><a class=\"brz-a\" href=\"{@brizy_SITE_URL_PLACEHOLDER@}\/?brizy_media=wp-5e02dbd51176be1ff4da68e95b0d625f&#038;brizy_crop=iW%3D1200%26iH%3Dany&#038;brizy_post=751\" data-brz-link-type=\"lightBox\"><picture><source srcset=\"{@brizy_SITE_URL_PLACEHOLDER@}\/?brizy_media=wp-5e02dbd51176be1ff4da68e95b0d625f&#038;brizy_crop=iW%3D555%26iH%3D416%26oX%3D0%26oY%3D8%26cW%3D555%26cH%3D400&#038;brizy_post=751 1x, {@brizy_SITE_URL_PLACEHOLDER@}\/?brizy_media=wp-5e02dbd51176be1ff4da68e95b0d625f&#038;brizy_crop=iW%3D1110%26iH%3D832%26oX%3D0%26oY%3D16%26cW%3D1110%26cH%3D800&#038;brizy_post=751 2x\" media=\"(min-width: 992px)\"><source srcset=\"{@brizy_SITE_URL_PLACEHOLDER@}\/?brizy_media=wp-5e02dbd51176be1ff4da68e95b0d625f&#038;brizy_crop=iW%3D339%26iH%3D254%26oX%3D0%26oY%3D5%26cW%3D339%26cH%3D244&#038;brizy_post=751 1x, {@brizy_SITE_URL_PLACEHOLDER@}\/?brizy_media=wp-5e02dbd51176be1ff4da68e95b0d625f&#038;brizy_crop=iW%3D678%26iH%3D508%26oX%3D0%26oY%3D10%26cW%3D678%26cH%3D488&#038;brizy_post=751 2x\" media=\"(min-width: 768px)\"><img alt=\"{{ brizy_dc_image_alt uid='wp-5e02dbd51176be1ff4da68e95b0d625f' }}\" class=\"brz-img\" src=\"{@brizy_SITE_URL_PLACEHOLDER@}\/?brizy_media=wp-5e02dbd51176be1ff4da68e95b0d625f&#038;brizy_crop=iW%3D400%26iH%3D300%26oX%3D0%26oY%3D0%26cW%3D400%26cH%3D300&#038;brizy_post=751\" srcset=\"{@brizy_SITE_URL_PLACEHOLDER@}\/?brizy_media=wp-5e02dbd51176be1ff4da68e95b0d625f&#038;brizy_crop=iW%3D400%26iH%3D300%26oX%3D0%26oY%3D0%26cW%3D400%26cH%3D300&#038;brizy_post=751 1x, {@brizy_SITE_URL_PLACEHOLDER@}\/?brizy_media=wp-5e02dbd51176be1ff4da68e95b0d625f&#038;brizy_crop=iW%3D800%26iH%3D600%26oX%3D0%26oY%3D0%26cW%3D800%26cH%3D600&#038;brizy_post=751 2x\"><\/picture><\/a><\/div>\n<\/div>\n<\/div>\n<\/div>\n<\/div>\n<\/div>\n<div class=\"brz-columns css-1xj5grg\" data-custom-id=\"gyohqzzfbo\">\n<div class=\"brz-bg brz-d-xs-flex css-1f2z3\">\n<div class=\"brz-bg-media\">\n<div class=\"brz-bg-color\"><\/div>\n<\/div>\n<div class=\"brz-bg-content\">\n<div class=\"brz-wrapper css-6fvry1\">\n<div class=\"brz-d-xs-flex css-laz546\">\n<div class=\"brz-image brz-image__lightbox css-1gtliit\" data-custom-id=\"iwbealdtrw\"><a class=\"brz-a\" href=\"{@brizy_SITE_URL_PLACEHOLDER@}\/?brizy_media=wp-d77304f4d79f5e2c2499ae8dde4b82f3&#038;brizy_crop=iW%3D1200%26iH%3Dany&#038;brizy_post=751\" data-brz-link-type=\"lightBox\"><picture><source srcset=\"{@brizy_SITE_URL_PLACEHOLDER@}\/?brizy_media=wp-d77304f4d79f5e2c2499ae8dde4b82f3&#038;brizy_crop=iW%3D555%26iH%3D740%26oX%3D0%26oY%3D170%26cW%3D555%26cH%3D400&#038;brizy_post=751 1x, {@brizy_SITE_URL_PLACEHOLDER@}\/?brizy_media=wp-d77304f4d79f5e2c2499ae8dde4b82f3&#038;brizy_crop=iW%3D1110%26iH%3D1480%26oX%3D0%26oY%3D340%26cW%3D1110%26cH%3D800&#038;brizy_post=751 2x\" media=\"(min-width: 992px)\"><source srcset=\"{@brizy_SITE_URL_PLACEHOLDER@}\/?brizy_media=wp-d77304f4d79f5e2c2499ae8dde4b82f3&#038;brizy_crop=iW%3D339%26iH%3D452%26oX%3D0%26oY%3D104%26cW%3D339%26cH%3D244&#038;brizy_post=751 1x, {@brizy_SITE_URL_PLACEHOLDER@}\/?brizy_media=wp-d77304f4d79f5e2c2499ae8dde4b82f3&#038;brizy_crop=iW%3D678%26iH%3D904%26oX%3D0%26oY%3D208%26cW%3D678%26cH%3D488&#038;brizy_post=751 2x\" media=\"(min-width: 768px)\"><img alt=\"{{ brizy_dc_image_alt uid='wp-d77304f4d79f5e2c2499ae8dde4b82f3' }}\" class=\"brz-img\" src=\"{@brizy_SITE_URL_PLACEHOLDER@}\/?brizy_media=wp-d77304f4d79f5e2c2499ae8dde4b82f3&#038;brizy_crop=iW%3D400%26iH%3D533%26oX%3D0%26oY%3D0%26cW%3D400%26cH%3D533&#038;brizy_post=751\" srcset=\"{@brizy_SITE_URL_PLACEHOLDER@}\/?brizy_media=wp-d77304f4d79f5e2c2499ae8dde4b82f3&#038;brizy_crop=iW%3D400%26iH%3D533%26oX%3D0%26oY%3D0%26cW%3D400%26cH%3D533&#038;brizy_post=751 1x, {@brizy_SITE_URL_PLACEHOLDER@}\/?brizy_media=wp-d77304f4d79f5e2c2499ae8dde4b82f3&#038;brizy_crop=iW%3D800%26iH%3D1066%26oX%3D0%26oY%3D0%26cW%3D800%26cH%3D1066&#038;brizy_post=751 2x\"><\/picture><\/a><\/div>\n<\/div>\n<\/div>\n<\/div>\n<\/div>\n<\/div>\n<\/div>\n<\/div>\n<\/div>\n<\/div>\n<\/div>\n<\/div>\n<\/div>\n<\/div>\n<\/div>\n<\/div>\n<\/section>\n<\/div>\n","protected":false},"excerpt":{"rendered":"<p>Nd\u00ebrtimi i fontanave dhe burimeve Nj\u00eb\u00a0burim uji apo nj\u00eb fontan\u00eb n\u00eb oborrin tuaj apo n\u00eb objektin tuaj afarist i jep shije dhe bukuri objektit tuaj. Ne fontanat i nd\u00ebrtojm\u00eb me gurr\u00ebz t\u00eb ve\u00e7ant\u00eb. Mund t\u00eb ndr\u00ebtojm\u00eb fontana t\u00eb vogla dhe t\u00eb m\u00ebdha, si dhe me gurr\u00eb ndrysh\u00ebmm var\u00ebsisht nga d\u00ebshira e klientit.<\/p>\n","protected":false},"author":1,"featured_media":0,"parent":549,"menu_order":0,"comment_status":"closed","ping_status":"closed","template":"brizy-blank-template.php","meta":[],"brizy_attachment_focal_point":"","_links":{"self":[{"href":"https:\/\/antika-tetove.com\/sq\/wp-json\/wp\/v2\/pages\/751"}],"collection":[{"href":"https:\/\/antika-tetove.com\/sq\/wp-json\/wp\/v2\/pages"}],"about":[{"href":"https:\/\/antika-tetove.com\/sq\/wp-json\/wp\/v2\/types\/page"}],"author":[{"embeddable":true,"href":"https:\/\/antika-tetove.com\/sq\/wp-json\/wp\/v2\/users\/1"}],"replies":[{"embeddable":true,"href":"https:\/\/antika-tetove.com\/sq\/wp-json\/wp\/v2\/comments?post=751"}],"version-history":[{"count":7,"href":"https:\/\/antika-tetove.com\/sq\/wp-json\/wp\/v2\/pages\/751\/revisions"}],"predecessor-version":[{"id":971,"href":"https:\/\/antika-tetove.com\/sq\/wp-json\/wp\/v2\/pages\/751\/revisions\/971"}],"up":[{"embeddable":true,"href":"https:\/\/antika-tetove.com\/sq\/wp-json\/wp\/v2\/pages\/549"}],"wp:attachment":[{"href":"https:\/\/antika-tetove.com\/sq\/wp-json\/wp\/v2\/media?parent=751"}],"curies":[{"name":"wp","href":"https:\/\/api.w.org\/{rel}","templated":true}]}}