{"id":804,"date":"2019-01-14T12:22:37","date_gmt":"2019-01-14T12:22:37","guid":{"rendered":"http:\/\/antika-tetove.com\/?page_id=804"},"modified":"2019-04-22T14:50:22","modified_gmt":"2019-04-22T13:50:22","slug":"cezma","status":"publish","type":"page","link":"https:\/\/antika-tetove.com\/sq\/punlt-tona\/cezma\/","title":{"rendered":"\u00c7ezma"},"content":{"rendered":"<div class=\"brz-root__container brz-reset-all\">\n<section id=\"ujewdaskmq\" class=\"brz-section css-1c2016y\" data-uid=\"ujewdaskmq\">\n<div class=\"brz-section__items\">\n<div class=\"brz-section__content\" data-custom-id=\"qswjqbwedf\">\n<div class=\"brz-bg css-kag4am\">\n<div class=\"brz-bg-media\">\n<div class=\"brz-bg-video\" data-mute=\"on\" data-autoplay=\"on\"><iframe class=\"brz-iframe brz-bg-video__cover\" style=\"display:none\"><\/iframe><\/div>\n<div class=\"brz-bg-map\"><iframe class=\"brz-iframe brz-bg-map__cover\" style=\"display:none\"><\/iframe><\/div>\n<div class=\"brz-bg-color\"><\/div>\n<\/div>\n<div class=\"brz-bg-content\">\n<div class=\"brz-container__wrap css-1ql6ajm\">\n<div class=\"brz-container css-1ptl1a3\">\n<div class=\"brz-wrapper css-6fvry1\">\n<div class=\"brz-d-xs-flex css-11ygu4e\">\n<div class=\"brz-rich-text\">\n<p class=\"brz-text-lg-center brz-tp-heading2\"><span class=\"brz-cp-color1\">Nd\u00ebrtimi i \u00e7ezmave<\/span><\/p>\n<\/div>\n<\/div>\n<\/div>\n<div class=\"brz-wrapper css-6fvry1\">\n<div class=\"brz-d-xs-flex css-11ygu4e\">\n<div class=\"brz-rich-text\">\n<p class=\"brz-fs-xs-im-23 brz-fs-lg-21 brz-fw-xs-im-400 brz-fw-sm-im-undefined brz-fw-lg-600 brz-ff-muli brz-ls-xs-im-0 brz-ls-sm-im-undefined brz-ls-lg-0 brz-lh-xs-im-1_6 brz-lh-sm-im-undefined brz-lh-lg-1_8\">\t<span class=\"brz-cp-color7\">Antika-company b\u00ebn nd\u00ebrtimin e \u00e7ezmave me gurr\u00eb t\u00eb ndysh\u00ebm dhe lloje t\u00eb ndryshme t\u00eb \u00e7ezmave, gjithmon\u00eb sipas d\u00ebshir\u00ebs s\u00eb klientit. Ne i nd\u00ebrtojm\u00eb t\u00eb gjitha p\u00ebr oborrin tuaj, duke filluar nga rregullimi i gjelbrimit p\u00ebr oborin tuaj deri tek \u00e7ezmat, kaminet, fontanave t\u00eb ndryshme, muret e oborreve t\u00eb juaja\u2026<\/span><\/p>\n<\/div>\n<\/div>\n<\/div>\n<div class=\"brz-wrapper css-6fvry1\">\n<div class=\"brz-d-xs-flex css-1rmgdh0\">\n<div class=\"brz-spacer css-10btme5\"><\/div>\n<\/div>\n<\/div>\n<div class=\"brz-row__container\" data-custom-id=\"nqusnyzote\">\n<div class=\"brz-bg brz-d-xs-flex brz-flex-xs-wrap css-z34uv\">\n<div class=\"brz-bg-media\">\n<div class=\"brz-bg-color\"><\/div>\n<\/div>\n<div class=\"brz-bg-content\">\n<div class=\"brz-row css-18qg7sn\">\n<div class=\"brz-columns css-1xj5grg\" data-custom-id=\"igqojmwmgr\">\n<div class=\"brz-bg brz-d-xs-flex css-1f2z3\">\n<div class=\"brz-bg-media\">\n<div class=\"brz-bg-color\"><\/div>\n<\/div>\n<div class=\"brz-bg-content\">\n<div class=\"brz-wrapper css-6fvry1\">\n<div class=\"brz-d-xs-flex css-laz546\">\n<div class=\"brz-image brz-image__lightbox css-1gtliit\" data-custom-id=\"diqptnerdf\"><a class=\"brz-a\" href=\"{@brizy_SITE_URL_PLACEHOLDER@}\/?brizy_media=wp-f924c23228b340e1ad86c5403f256648&#038;brizy_crop=iW%3D1200%26iH%3Dany&#038;brizy_post=804\" data-brz-link-type=\"lightBox\"><picture><source srcset=\"{@brizy_SITE_URL_PLACEHOLDER@}\/?brizy_media=wp-f924c23228b340e1ad86c5403f256648&#038;brizy_crop=iW%3D555%26iH%3D416%26oX%3D0%26oY%3D8%26cW%3D555%26cH%3D400&#038;brizy_post=804 1x, {@brizy_SITE_URL_PLACEHOLDER@}\/?brizy_media=wp-f924c23228b340e1ad86c5403f256648&#038;brizy_crop=iW%3D1110%26iH%3D832%26oX%3D0%26oY%3D16%26cW%3D1110%26cH%3D800&#038;brizy_post=804 2x\" media=\"(min-width: 992px)\"><source srcset=\"{@brizy_SITE_URL_PLACEHOLDER@}\/?brizy_media=wp-f924c23228b340e1ad86c5403f256648&#038;brizy_crop=iW%3D339%26iH%3D254%26oX%3D0%26oY%3D5%26cW%3D339%26cH%3D244&#038;brizy_post=804 1x, {@brizy_SITE_URL_PLACEHOLDER@}\/?brizy_media=wp-f924c23228b340e1ad86c5403f256648&#038;brizy_crop=iW%3D678%26iH%3D508%26oX%3D0%26oY%3D10%26cW%3D678%26cH%3D488&#038;brizy_post=804 2x\" media=\"(min-width: 768px)\"><img alt=\"{{ brizy_dc_image_alt uid='wp-f924c23228b340e1ad86c5403f256648' }}\" class=\"brz-img\" src=\"{@brizy_SITE_URL_PLACEHOLDER@}\/?brizy_media=wp-f924c23228b340e1ad86c5403f256648&#038;brizy_crop=iW%3D400%26iH%3D300%26oX%3D0%26oY%3D0%26cW%3D400%26cH%3D300&#038;brizy_post=804\" srcset=\"{@brizy_SITE_URL_PLACEHOLDER@}\/?brizy_media=wp-f924c23228b340e1ad86c5403f256648&#038;brizy_crop=iW%3D400%26iH%3D300%26oX%3D0%26oY%3D0%26cW%3D400%26cH%3D300&#038;brizy_post=804 1x, {@brizy_SITE_URL_PLACEHOLDER@}\/?brizy_media=wp-f924c23228b340e1ad86c5403f256648&#038;brizy_crop=iW%3D800%26iH%3D600%26oX%3D0%26oY%3D0%26cW%3D800%26cH%3D600&#038;brizy_post=804 2x\"><\/picture><\/a><\/div>\n<\/div>\n<\/div>\n<\/div>\n<\/div>\n<\/div>\n<div class=\"brz-columns css-1xj5grg\" data-custom-id=\"ajwadsuyoc\">\n<div class=\"brz-bg brz-d-xs-flex css-1f2z3\">\n<div class=\"brz-bg-media\">\n<div class=\"brz-bg-color\"><\/div>\n<\/div>\n<div class=\"brz-bg-content\">\n<div class=\"brz-wrapper css-6fvry1\">\n<div class=\"brz-d-xs-flex css-laz546\">\n<div class=\"brz-image brz-image__lightbox css-1gtliit\" data-custom-id=\"qfuyhsqyjl\"><a class=\"brz-a\" href=\"{@brizy_SITE_URL_PLACEHOLDER@}\/?brizy_media=wp-5daac4e101294d37f1c59b65e661065c&#038;brizy_crop=iW%3D1200%26iH%3Dany&#038;brizy_post=804\" data-brz-link-type=\"lightBox\"><picture><source srcset=\"{@brizy_SITE_URL_PLACEHOLDER@}\/?brizy_media=wp-5daac4e101294d37f1c59b65e661065c&#038;brizy_crop=iW%3D555%26iH%3D416%26oX%3D0%26oY%3D8%26cW%3D555%26cH%3D400&#038;brizy_post=804 1x, {@brizy_SITE_URL_PLACEHOLDER@}\/?brizy_media=wp-5daac4e101294d37f1c59b65e661065c&#038;brizy_crop=iW%3D1110%26iH%3D832%26oX%3D0%26oY%3D16%26cW%3D1110%26cH%3D800&#038;brizy_post=804 2x\" media=\"(min-width: 992px)\"><source srcset=\"{@brizy_SITE_URL_PLACEHOLDER@}\/?brizy_media=wp-5daac4e101294d37f1c59b65e661065c&#038;brizy_crop=iW%3D339%26iH%3D254%26oX%3D0%26oY%3D5%26cW%3D339%26cH%3D244&#038;brizy_post=804 1x, {@brizy_SITE_URL_PLACEHOLDER@}\/?brizy_media=wp-5daac4e101294d37f1c59b65e661065c&#038;brizy_crop=iW%3D678%26iH%3D508%26oX%3D0%26oY%3D10%26cW%3D678%26cH%3D488&#038;brizy_post=804 2x\" media=\"(min-width: 768px)\"><img alt=\"{{ brizy_dc_image_alt uid='wp-5daac4e101294d37f1c59b65e661065c' }}\" class=\"brz-img\" src=\"{@brizy_SITE_URL_PLACEHOLDER@}\/?brizy_media=wp-5daac4e101294d37f1c59b65e661065c&#038;brizy_crop=iW%3D400%26iH%3D300%26oX%3D0%26oY%3D0%26cW%3D400%26cH%3D300&#038;brizy_post=804\" srcset=\"{@brizy_SITE_URL_PLACEHOLDER@}\/?brizy_media=wp-5daac4e101294d37f1c59b65e661065c&#038;brizy_crop=iW%3D400%26iH%3D300%26oX%3D0%26oY%3D0%26cW%3D400%26cH%3D300&#038;brizy_post=804 1x, {@brizy_SITE_URL_PLACEHOLDER@}\/?brizy_media=wp-5daac4e101294d37f1c59b65e661065c&#038;brizy_crop=iW%3D800%26iH%3D600%26oX%3D0%26oY%3D0%26cW%3D800%26cH%3D600&#038;brizy_post=804 2x\"><\/picture><\/a><\/div>\n<\/div>\n<\/div>\n<\/div>\n<\/div>\n<\/div>\n<\/div>\n<\/div>\n<\/div>\n<\/div>\n<\/div>\n<\/div>\n<\/div>\n<\/div>\n<\/div>\n<\/div>\n<\/section>\n<\/div>\n","protected":false},"excerpt":{"rendered":"<p>Nd\u00ebrtimi i \u00e7ezmave Antika-company b\u00ebn nd\u00ebrtimin e \u00e7ezmave me gurr\u00eb t\u00eb ndysh\u00ebm dhe lloje t\u00eb ndryshme t\u00eb \u00e7ezmave, gjithmon\u00eb sipas d\u00ebshir\u00ebs s\u00eb klientit. Ne i nd\u00ebrtojm\u00eb t\u00eb gjitha p\u00ebr oborrin tuaj, duke filluar nga rregullimi i gjelbrimit p\u00ebr oborin tuaj deri tek \u00e7ezmat, kaminet, fontanave t\u00eb ndryshme, muret e oborreve t\u00eb juaja\u2026<\/p>\n","protected":false},"author":1,"featured_media":0,"parent":549,"menu_order":0,"comment_status":"closed","ping_status":"closed","template":"brizy-blank-template.php","meta":[],"brizy_attachment_focal_point":"","_links":{"self":[{"href":"https:\/\/antika-tetove.com\/sq\/wp-json\/wp\/v2\/pages\/804"}],"collection":[{"href":"https:\/\/antika-tetove.com\/sq\/wp-json\/wp\/v2\/pages"}],"about":[{"href":"https:\/\/antika-tetove.com\/sq\/wp-json\/wp\/v2\/types\/page"}],"author":[{"embeddable":true,"href":"https:\/\/antika-tetove.com\/sq\/wp-json\/wp\/v2\/users\/1"}],"replies":[{"embeddable":true,"href":"https:\/\/antika-tetove.com\/sq\/wp-json\/wp\/v2\/comments?post=804"}],"version-history":[{"count":6,"href":"https:\/\/antika-tetove.com\/sq\/wp-json\/wp\/v2\/pages\/804\/revisions"}],"predecessor-version":[{"id":967,"href":"https:\/\/antika-tetove.com\/sq\/wp-json\/wp\/v2\/pages\/804\/revisions\/967"}],"up":[{"embeddable":true,"href":"https:\/\/antika-tetove.com\/sq\/wp-json\/wp\/v2\/pages\/549"}],"wp:attachment":[{"href":"https:\/\/antika-tetove.com\/sq\/wp-json\/wp\/v2\/media?parent=804"}],"curies":[{"name":"wp","href":"https:\/\/api.w.org\/{rel}","templated":true}]}}